{"id":531,"date":"2020-02-23T16:28:39","date_gmt":"2020-02-23T16:28:39","guid":{"rendered":"https:\/\/virgosarbitration.com\/?page_id=531"},"modified":"2024-12-23T19:04:05","modified_gmt":"2024-12-23T19:04:05","slug":"publicaciones-y-presentaciones","status":"publish","type":"page","link":"https:\/\/virgosarbitration.com\/es\/publicaciones-y-presentaciones","title":{"rendered":"Publicaciones"},"content":{"rendered":"<p>[et_pb_section fb_built=\u00bb1&#8243; admin_label=\u00bbBlog\u00bb _builder_version=\u00bb4.16&#8243; background_enable_color=\u00bboff\u00bb min_height=\u00bb314px\u00bb custom_margin=\u00bb||12px||false|false\u00bb custom_padding=\u00bb4px||0px||false|false\u00bb global_colors_info=\u00bb{}\u00bb][et_pb_row _builder_version=\u00bb4.20.2&#8243; width=\u00bb100%\u00bb min_height=\u00bb162px\u00bb custom_margin=\u00bb0px||||false|false\u00bb custom_padding=\u00bb57px|5px||10px|false|false\u00bb global_colors_info=\u00bb{}\u00bb][et_pb_column type=\u00bb4_4&#8243; _builder_version=\u00bb4.16&#8243; global_colors_info=\u00bb{}\u00bb][et_pb_text _builder_version=\u00bb4.16&#8243; header_font=\u00bb||||||||\u00bb header_2_font=\u00bbMontserrat||||||||\u00bb header_2_text_color=\u00bb#752727&#8243; header_2_font_size=\u00bb30px\u00bb header_2_line_height=\u00bb1.5em\u00bb custom_margin=\u00bb0px|0px|15px|0px|false|false\u00bb custom_padding=\u00bb|0px||22px|false|false\u00bb header_2_font_size_tablet=\u00bb32px\u00bb header_2_font_size_phone=\u00bb22px\u00bb header_2_font_size_last_edited=\u00bbon|phone\u00bb border_color_all=\u00bb#752727&#8243; border_width_left=\u00bb6px\u00bb locked=\u00bboff\u00bb global_colors_info=\u00bb{}\u00bb]<\/p>\n<h2>Publicaciones<\/h2>\n<p>[\/et_pb_text][et_pb_text _builder_version=\u00bb4.20.2&#8243; text_font=\u00bbMontserrat||||||||\u00bb text_text_color=\u00bb#000000&#8243; text_font_size=\u00bb16px\u00bb text_line_height=\u00bb1.5em\u00bb global_colors_info=\u00bb{}\u00bb]<\/p>\n<p><span style=\"color: #000000;\">Miguel es autor de diversos libros y art\u00edculos <span lang=\"ES\">sobre diversos temas de su especialidad.<\/span><\/span><\/p>\n<p>[\/et_pb_text][\/et_pb_column][\/et_pb_row][et_pb_row _builder_version=\u00bb4.16&#8243; custom_margin=\u00bb-20px||||false|false\u00bb global_colors_info=\u00bb{}\u00bb][et_pb_column type=\u00bb4_4&#8243; _builder_version=\u00bb4.16&#8243; global_colors_info=\u00bb{}\u00bb][et_pb_toggle title=\u00bbLIBROS\u00bb open_toggle_text_color=\u00bb#752727&#8243; open_toggle_background_color=\u00bbrgba(0,0,0,0)\u00bb closed_toggle_text_color=\u00bb#752727&#8243; closed_toggle_background_color=\u00bbrgba(0,0,0,0)\u00bb icon_color=\u00bb#752727&#8243; use_icon_font_size=\u00bbon\u00bb icon_font_size=\u00bb20px\u00bb open_icon_color=\u00bb#752727&#8243; open_use_icon_font_size=\u00bbon\u00bb open_icon_font_size=\u00bb20px\u00bb _builder_version=\u00bb4.20.2&#8243; title_text_color=\u00bb#752727&#8243; title_font=\u00bbMontserrat|||on|||||\u00bb title_text_align=\u00bbleft\u00bb title_font_size=\u00bb20px\u00bb title_line_height=\u00bb1.5em\u00bb body_font=\u00bbMontserrat||||||||\u00bb body_text_color=\u00bb#000000&#8243; body_font_size=\u00bb16px\u00bb body_line_height=\u00bb1.2em\u00bb body_ul_font=\u00bbMontserrat||||||||\u00bb body_ul_text_color=\u00bb#7c7d7f\u00bb body_ul_line_height=\u00bb1.5em\u00bb text_orientation=\u00bbleft\u00bb width=\u00bb100%\u00bb min_height=\u00bb37px\u00bb custom_margin=\u00bb||0px|\u00bb custom_padding=\u00bb0px|10px|0px|10px|true|true\u00bb hover_enabled=\u00bb0&#8243; border_width_all=\u00bb0px\u00bb border_color_all=\u00bb#eff5f7&#8243; border_width_bottom=\u00bb3px\u00bb global_colors_info=\u00bb{}\u00bb sticky_enabled=\u00bb0&#8243;]<\/p>\n<p><span style=\"color: #000000;\"><strong>SELECCI\u00d3N:<\/strong><strong style=\"font-size: 16px;\"><\/strong><\/span><\/p>\n<p><span style=\"color: #000000;\"><strong><\/strong><\/span><\/p>\n<ul>\n<li><span style=\"color: #000000;\"><strong>Derecho procesal civil internacional, litigaci\u00f3n internacional<\/strong>, con F. Garcimart\u00edn. Madrid, 2007.<\/span><\/li>\n<li><span style=\"color: #000000;\"><strong>European Communication &amp; Cooperation Guidelines for Cross-border Insolvency<\/strong>, con B. Wessels. Nottingham | Par\u00eds, 2007.<\/span><\/li>\n<li><span style=\"color: #000000;\"><strong>El Trust y el Derecho Espa\u00f1ol<\/strong>. Madrid, 2006.<\/span><\/li>\n<li><span style=\"color: #000000;\"><strong>The European Insolvency Regulation: Law and Practice<\/strong>, con F. Garcimart\u00edn. La Haya, 2004.<\/span><\/li>\n<li><span style=\"color: #000000;\"><strong>El Comercio internacional en el nuevo Derecho espa\u00f1ol de la competencia desleal<\/strong>. Madrid, 1993.<\/span><\/li>\n<\/ul>\n<p>[\/et_pb_toggle][et_pb_toggle title=\u00bbART\u00cdCULOS\u00bb open_toggle_text_color=\u00bb#752727&#8243; open_toggle_background_color=\u00bbrgba(0,0,0,0)\u00bb closed_toggle_text_color=\u00bb#752727&#8243; closed_toggle_background_color=\u00bbrgba(0,0,0,0)\u00bb icon_color=\u00bb#752727&#8243; use_icon_font_size=\u00bbon\u00bb icon_font_size=\u00bb20px\u00bb open_icon_color=\u00bb#752727&#8243; open_use_icon_font_size=\u00bbon\u00bb open_icon_font_size=\u00bb20px\u00bb _builder_version=\u00bb4.20.2&#8243; title_text_color=\u00bb#752727&#8243; title_font=\u00bbMontserrat|||on|||||\u00bb title_text_align=\u00bbleft\u00bb title_font_size=\u00bb20px\u00bb title_line_height=\u00bb1.5em\u00bb body_font=\u00bbMontserrat||||||||\u00bb body_text_color=\u00bb#000000&#8243; body_font_size=\u00bb16px\u00bb body_line_height=\u00bb3em\u00bb body_ul_font=\u00bbMontserrat||||||||\u00bb body_ul_text_color=\u00bb#000000&#8243; body_ul_line_height=\u00bb1.5em\u00bb text_orientation=\u00bbleft\u00bb width=\u00bb100%\u00bb min_height=\u00bb37px\u00bb custom_margin=\u00bb0px||0px||false|false\u00bb custom_padding=\u00bb0px|10px|0px|10px|true|true\u00bb hover_enabled=\u00bb0&#8243; border_width_all=\u00bb0px\u00bb border_color_all=\u00bb#eff5f7&#8243; border_width_bottom=\u00bb3px\u00bb global_colors_info=\u00bb{}\u00bb sticky_enabled=\u00bb0&#8243;]<\/p>\n<p><strong>SELECCI\u00d3N:<\/strong><\/p>\n<ul>\n<li><strong>&#8216;El arbitraje, el Reglamento de Bruselas y la responsabilidad por el Prestige ante el TJUE&#8217;<\/strong>, en D. Arias (ed.) Libro Homenaje a M.A. Fern\u00e1ndez-Ballesteros, Madrid 2024, pp. 2265 ss.<\/li>\n<li><strong>\u2018Arbitration in Times of Insolvecy. Frames of Reference\u2019<\/strong>, en Aliyev, Breig, Wedde, Recht als Br\u00fcck zwischen Ost und West (Festschrift f\u00fcr Prof. Dr. Alexamnder Trunk). Stuttgart, 2022, pp 487 ss.<\/li>\n<li><strong>\u2018Articles 12 to 18\u2019<\/strong>, con F. Garcimart\u00edn, en Reinhard\/Bork\/Van Zwieten (eds.), <em>Commentary on the European Insolvency Regulation<\/em>, Oxford, 2022, pp. 267 ss.<strong><\/strong><strong><\/strong><\/li>\n<li><strong>\u2018Arbitraje e Insolvencia: manual de instrucciones\u2019<\/strong>, <em>Almac\u00e9n de Derecho<\/em>, 15 agosto 2021, leer el art\u00edculo <a href=\"https:\/\/almacendederecho.org\/author\/miguel-virgos\" target=\"_blank\" rel=\"noopener noreferrer\">aqu\u00ed <\/a>(en espa\u00f1ol).<\/li>\n<li><strong>\u201860 a\u00f1os del Convenio de Nueva York de 1958 desde la perspectiva del Derecho espa\u00f1ol\u2019<\/strong>, <em>Spain Arbitration Review<\/em>, Madrid, 2019, pp. 27 ss.<\/li>\n<li>\u2018<strong>Close-out netting, Insolvency and Resolution of Financial Institutions in the EU: A Conflict of Laws Analysis\u2019<\/strong>, con F. Garcimart\u00edn, en <em>Perspectives on International Insolvency Law<\/em>: <em>A Tribute to Bob Wessels<\/em>, La Haya, 2014, pp. 151 ss<span style=\"font-size: 16px;\">.<\/span><\/li>\n<li><strong>\u2018Las reglas de Derecho internacional privado en el anteproyecto de C\u00f3digo Mercantil\u2019<\/strong>, en Bercovitz (ed.), <em>Hacia un nuevo C\u00f3digo Mercantil<\/em>, Cizur Menor (Navarra), 2014, pp. 655 ss.<\/li>\n<li><strong>\u2018La eficacia de la protecci\u00f3n internacional de las inversiones extranjeras\u2019<\/strong>, <em>Revista de Arbitraje Comercial y de Inversiones<\/em>, Madrid, 2014, pp. 655 ss.<\/li>\n<li><strong>\u2018Claims against Foreign States in the Courts of the Kingdom of Spain: a Roadmap\u2019<\/strong>, en Gonz\u00e1lez Beilfuss\/Forner\/Vi\u00f1as (eds.), <em>Entre Bruselas y La Haya<\/em>. <em>Estudios sobre la unificaci\u00f3n internacional y regional del Derecho internacional privado<\/em>, Madrid, 2013, pp. 857 ss.<\/li>\n<li><strong>\u2018Una propuesta de ley de cooperaci\u00f3n jur\u00eddica internacional en materia civil\u2019<\/strong>, en D\u00edaz Fraile\/Garcimart\u00edn\/Heredia\/Virg\u00f3s, <em>Bolet\u00edn Oficial de Informaci\u00f3n del Ministerio de Justicia<\/em>, no. 2143, Madrid, junio 2012, pp. 1 ss.<\/li>\n<li><strong>\u2018El reconocimiento y ejecuci\u00f3n de laudos arbitrales extranjeros\u2019<\/strong>, <em>Spain Arbitration Review<\/em>, Madrid, 2009, pp. 79 ss.<\/li>\n<li><strong>\u2018La mediaci\u00f3n como alternativa\u2019<\/strong>, <em>Actualidad Jur\u00eddica Ur\u00eda Men\u00e9ndez<\/em>, no. 20, Madrid, 2008, pp. 21 ss.<\/li>\n<li><strong>\u2018Procedimientos alternativos de resoluci\u00f3n de controversias y comercio internacional\u2019<\/strong>, <em>Anuario de la Facultad de Derecho de la Universidad Aut\u00f3noma de Madrid<\/em>, no. 11, Madrid, 2007, pp. 70 ss.<span style=\"font-size: 16px; color: #424242;\">\u00a0<\/span><\/li>\n<\/ul>\n<p>[\/et_pb_toggle][et_pb_toggle title=\u00bbAPARICIONES EN PRENSA\u00bb open_toggle_text_color=\u00bb#752727&#8243; open_toggle_background_color=\u00bbrgba(0,0,0,0)\u00bb closed_toggle_text_color=\u00bb#752727&#8243; closed_toggle_background_color=\u00bbrgba(0,0,0,0)\u00bb icon_color=\u00bb#752727&#8243; use_icon_font_size=\u00bbon\u00bb icon_font_size=\u00bb20px\u00bb open_icon_color=\u00bb#752727&#8243; open_use_icon_font_size=\u00bbon\u00bb open_icon_font_size=\u00bb20px\u00bb admin_label=\u00bbConmutador\u00bb _builder_version=\u00bb4.20.2&#8243; title_text_color=\u00bb#752727&#8243; title_font=\u00bbMontserrat|||on|||||\u00bb title_text_align=\u00bbleft\u00bb title_font_size=\u00bb20px\u00bb title_line_height=\u00bb1.5em\u00bb body_font=\u00bbMontserrat||||||||\u00bb body_text_color=\u00bb#000000&#8243; body_font_size=\u00bb16px\u00bb body_line_height=\u00bb1.2em\u00bb body_ul_font=\u00bbMontserrat||||||||\u00bb body_ul_text_color=\u00bb#000000&#8243; body_ul_line_height=\u00bb1.5em\u00bb width=\u00bb100%\u00bb min_height=\u00bb37px\u00bb custom_margin=\u00bb0px||0px||false|false\u00bb custom_padding=\u00bb0px|10px|0px|10px|true|true\u00bb hover_enabled=\u00bb0&#8243; border_width_all=\u00bb0px\u00bb border_color_all=\u00bb#eff5f7&#8243; border_width_bottom=\u00bb3px\u00bb global_colors_info=\u00bb{}\u00bb sticky_enabled=\u00bb0&#8243;]<\/p>\n<p><strong>SELECCI\u00d3N:<\/strong><strong><\/strong><strong><\/strong><\/p>\n<p><strong><\/strong><\/p>\n<ul>\n<li><span>Entrevista con Miguel Virg\u00f3s<\/span><span style=\"color: #000000;\"> en CIAR Global, 25 Junio 2021. Ver<\/span>\u00a0<span><a href=\"https:\/\/virgosarbitration.com\/wp-content\/uploads\/2021\/06\/InterviewMiguelVirgos_CiarGlobal_June2021.pdf\">PDF<\/a><\/span>.<\/li>\n<li><span style=\"color: #000000;\">Diario Expansi\u00f3n, 29 Marzo 2021:<\/span> <span>Miguel Virg\u00f3s, ex socio de Ur\u00eda Men\u00e9ndez, lanza su propia firma de arbitraje<\/span><span>.<\/span> Ver\u00a0<span><a href=\"https:\/\/virgosarbitration.com\/wp-content\/uploads\/2021\/04\/MiguelVirgos_EJ_300321_p5.pdf\">PDF<\/a><\/span>.<\/li>\n<\/ul>\n<p>[\/et_pb_toggle][\/et_pb_column][\/et_pb_row][et_pb_row column_structure=\u00bb1_5,1_5,1_5,1_5,1_5&#8243; use_custom_gutter=\u00bbon\u00bb gutter_width=\u00bb1&#8243; _builder_version=\u00bb4.16&#8243; global_colors_info=\u00bb{}\u00bb][et_pb_column type=\u00bb1_5&#8243; _builder_version=\u00bb4.16&#8243; global_colors_info=\u00bb{}\u00bb][et_pb_image src=\u00bbhttps:\/\/virgosarbitration.com\/wp-content\/uploads\/2020\/01\/MVA-8.png\u00bb show_bottom_space=\u00bboff\u00bb _builder_version=\u00bb4.16&#8243; custom_margin=\u00bb2px|2px|0px|0px|false|false\u00bb global_colors_info=\u00bb{}\u00bb][\/et_pb_image][et_pb_image src=\u00bbhttps:\/\/virgosarbitration.com\/wp-content\/uploads\/2024\/12\/CuartPanel-8-scaled.jpeg\u00bb title_text=\u00bbCuartPanel (8)\u00bb show_bottom_space=\u00bboff\u00bb _builder_version=\u00bb4.20.2&#8243; custom_margin=\u00bb2px|2px|0px|0px|false|false\u00bb global_colors_info=\u00bb{}\u00bb][\/et_pb_image][et_pb_image src=\u00bbhttps:\/\/virgosarbitration.com\/wp-content\/uploads\/2024\/12\/IMG_8358-scaled.jpg\u00bb title_text=\u00bbIMG_8358&#8243; show_bottom_space=\u00bboff\u00bb _builder_version=\u00bb4.20.2&#8243; custom_margin=\u00bb2px|2px|0px|0px|false|false\u00bb global_colors_info=\u00bb{}\u00bb][\/et_pb_image][\/et_pb_column][et_pb_column type=\u00bb1_5&#8243; _builder_version=\u00bb4.16&#8243; global_colors_info=\u00bb{}\u00bb][et_pb_image src=\u00bbhttps:\/\/virgosarbitration.com\/wp-content\/uploads\/2020\/01\/MVA-5.png\u00bb _builder_version=\u00bb4.16&#8243; border_width_all=\u00bb2px\u00bb border_color_all=\u00bb#ffffff\u00bb global_colors_info=\u00bb{}\u00bb][\/et_pb_image][et_pb_image src=\u00bbhttps:\/\/virgosarbitration.com\/wp-content\/uploads\/2020\/01\/MVA-3.jpg\u00bb show_bottom_space=\u00bboff\u00bb _builder_version=\u00bb4.16&#8243; custom_margin=\u00bb2px|2px|2px|2px|false|false\u00bb global_colors_info=\u00bb{}\u00bb][\/et_pb_image][et_pb_image src=\u00bbhttps:\/\/virgosarbitration.com\/wp-content\/uploads\/2024\/12\/DSC07695-scaled.jpg\u00bb title_text=\u00bbDSC07695&#8243; show_bottom_space=\u00bboff\u00bb _builder_version=\u00bb4.20.2&#8243; custom_margin=\u00bb2px|2px|2px|2px|false|false\u00bb global_colors_info=\u00bb{}\u00bb][\/et_pb_image][et_pb_image src=\u00bbhttps:\/\/virgosarbitration.com\/wp-content\/uploads\/2024\/12\/MVA-7.png\u00bb title_text=\u00bbMVA-7&#8243; show_bottom_space=\u00bboff\u00bb _builder_version=\u00bb4.20.2&#8243; custom_margin=\u00bb2px|2px|2px|2px|false|false\u00bb global_colors_info=\u00bb{}\u00bb][\/et_pb_image][et_pb_image src=\u00bbhttps:\/\/virgosarbitration.com\/wp-content\/uploads\/2024\/12\/Mesa-1-CC.jpg\u00bb title_text=\u00bbMesa 1 CC\u00bb show_bottom_space=\u00bboff\u00bb _builder_version=\u00bb4.20.2&#8243; custom_margin=\u00bb2px|2px|2px|2px|false|false\u00bb global_colors_info=\u00bb{}\u00bb][\/et_pb_image][\/et_pb_column][et_pb_column type=\u00bb1_5&#8243; _builder_version=\u00bb4.16&#8243; global_colors_info=\u00bb{}\u00bb][et_pb_image src=\u00bbhttps:\/\/virgosarbitration.com\/wp-content\/uploads\/2020\/01\/MVA-1.jpeg\u00bb _builder_version=\u00bb4.16&#8243; border_width_all=\u00bb2px\u00bb border_color_all=\u00bb#ffffff\u00bb global_colors_info=\u00bb{}\u00bb][\/et_pb_image][et_pb_image src=\u00bbhttps:\/\/virgosarbitration.com\/wp-content\/uploads\/2020\/01\/MVA-6.png\u00bb show_bottom_space=\u00bboff\u00bb _builder_version=\u00bb4.16&#8243; custom_margin=\u00bb2px|2px|2px|2px|false|false\u00bb global_colors_info=\u00bb{}\u00bb][\/et_pb_image][et_pb_image src=\u00bbhttps:\/\/virgosarbitration.com\/wp-content\/uploads\/2024\/12\/Imagen-de-WhatsApp-2024-09-30-a-las-14.12.21_ff82761a.jpg\u00bb title_text=\u00bbImagen de WhatsApp 2024-09-30 a las 14.12.21_ff82761a\u00bb show_bottom_space=\u00bboff\u00bb _builder_version=\u00bb4.20.2&#8243; custom_margin=\u00bb2px|2px|2px|2px|false|false\u00bb global_colors_info=\u00bb{}\u00bb][\/et_pb_image][\/et_pb_column][et_pb_column type=\u00bb1_5&#8243; _builder_version=\u00bb4.16&#8243; global_colors_info=\u00bb{}\u00bb][et_pb_image src=\u00bbhttps:\/\/virgosarbitration.com\/wp-content\/uploads\/2020\/01\/MVA-7.png\u00bb show_bottom_space=\u00bboff\u00bb _builder_version=\u00bb4.16&#8243; custom_margin=\u00bb2px|2px|2px|2px|false|false\u00bb global_colors_info=\u00bb{}\u00bb][\/et_pb_image][et_pb_image src=\u00bbhttps:\/\/virgosarbitration.com\/wp-content\/uploads\/2020\/01\/MVA-2.png\u00bb _builder_version=\u00bb4.16&#8243; custom_margin=\u00bb2px|2px|2px|2px|false|false\u00bb global_colors_info=\u00bb{}\u00bb][\/et_pb_image][et_pb_image src=\u00bbhttps:\/\/virgosarbitration.com\/wp-content\/uploads\/2024\/12\/Imagen-UAM-1.jpg\u00bb title_text=\u00bbImagen UAM 1&#8243; _builder_version=\u00bb4.20.2&#8243; custom_margin=\u00bb2px|2px|2px|2px|false|false\u00bb global_colors_info=\u00bb{}\u00bb][\/et_pb_image][\/et_pb_column][et_pb_column type=\u00bb1_5&#8243; _builder_version=\u00bb4.16&#8243; global_colors_info=\u00bb{}\u00bb][et_pb_image src=\u00bbhttps:\/\/virgosarbitration.com\/wp-content\/uploads\/2020\/01\/MVA-4.jpg\u00bb _builder_version=\u00bb4.16&#8243; custom_margin=\u00bb2px|2px|2px|2px|false|false\u00bb global_colors_info=\u00bb{}\u00bb][\/et_pb_image][et_pb_image src=\u00bbhttps:\/\/virgosarbitration.com\/wp-content\/uploads\/2024\/12\/IMG_3071-scaled.jpg\u00bb title_text=\u00bbIMG_3071&#8243; _builder_version=\u00bb4.20.2&#8243; custom_margin=\u00bb2px|2px|2px|2px|false|false\u00bb global_colors_info=\u00bb{}\u00bb][\/et_pb_image][et_pb_image src=\u00bbhttps:\/\/virgosarbitration.com\/wp-content\/uploads\/2024\/12\/OpenFest_Dia2-342-scaled.jpg\u00bb title_text=\u00bbOpenFest_Dia2-342&#8243; _builder_version=\u00bb4.20.2&#8243; custom_margin=\u00bb2px|2px|2px|2px|false|false\u00bb global_colors_info=\u00bb{}\u00bb][\/et_pb_image][\/et_pb_column][\/et_pb_row][et_pb_row _builder_version=\u00bb4.16&#8243; background_color=\u00bb#d6d6d6&#8243; width=\u00bb100%\u00bb min_height=\u00bb120px\u00bb custom_margin=\u00bb10px|auto|-8px||false|false\u00bb custom_padding=\u00bb0px|0px|0px|0px|false|false\u00bb saved_tabs=\u00bball\u00bb global_colors_info=\u00bb{}\u00bb][et_pb_column type=\u00bb4_4&#8243; _builder_version=\u00bb4.16&#8243; custom_padding=\u00bb|||\u00bb global_colors_info=\u00bb{}\u00bb custom_padding__hover=\u00bb|||\u00bb][et_pb_text _builder_version=\u00bb4.16&#8243; text_font=\u00bbMontserrat||||||||\u00bb text_text_color=\u00bb#515151&#8243; text_font_size=\u00bb12px\u00bb text_line_height=\u00bb1em\u00bb custom_margin=\u00bb20px||20px||false|false\u00bb global_colors_info=\u00bb{}\u00bb]<\/p>\n<p style=\"text-align: center;\">miguel.virgos@virgosarbitration.com<\/p>\n<p style=\"text-align: center;\">T. +34 91 458 5220 | M. +34 690 601 702<\/p>\n<p style=\"text-align: center;\">Serrano 240 &#8211; Madrid 28016 &#8211; Espa\u00f1a<\/p>\n<p style=\"text-align: center;\">www.virgosarbitration.com<\/p>\n<p>[\/et_pb_text][\/et_pb_column][\/et_pb_row][\/et_pb_section]<\/p>\n","protected":false},"excerpt":{"rendered":"<p>PublicacionesMiguel es autor de diversos libros y art\u00edculos sobre diversos temas de su especialidad.SELECCI\u00d3N: Derecho procesal civil internacional, litigaci\u00f3n internacional, con F. Garcimart\u00edn. Madrid, 2007. European Communication &amp; Cooperation Guidelines for Cross-border Insolvency, con B. Wessels. Nottingham | Par\u00eds, 2007. El Trust y el Derecho Espa\u00f1ol. Madrid, 2006. The European Insolvency Regulation: Law and Practice, [&hellip;]<\/p>\n","protected":false},"author":1,"featured_media":0,"parent":0,"menu_order":0,"comment_status":"closed","ping_status":"closed","template":"","meta":{"_et_pb_use_builder":"on","_et_pb_old_content":"","_et_gb_content_width":""},"yoast_head":"<!-- This site is optimized with the Yoast SEO plugin v20.3 - https:\/\/yoast.com\/wordpress\/plugins\/seo\/ -->\n<title>Virg\u00f3s Arbitration | Miguel Virg\u00f3s | Publicaciones | Ponencias<\/title>\n<meta name=\"description\" content=\"Miguel Virg\u00f3s: Publicaciones, Libros y art\u00edculos, Opiniones, Prensa, Presentaciones, Ponencias, Conferencias, Seminarios, Forums, Trainings\" \/>\n<meta name=\"robots\" content=\"index, follow, max-snippet:-1, max-image-preview:large, max-video-preview:-1\" \/>\n<link rel=\"canonical\" href=\"https:\/\/virgosarbitration.com\/es\/publicaciones-y-presentaciones\" \/>\n<meta property=\"og:locale\" content=\"es_ES\" \/>\n<meta property=\"og:type\" content=\"article\" \/>\n<meta property=\"og:title\" content=\"Virg\u00f3s Arbitration | Miguel Virg\u00f3s | Publicaciones | Ponencias\" \/>\n<meta property=\"og:description\" content=\"Miguel Virg\u00f3s: Publicaciones, Libros y art\u00edculos, Opiniones, Prensa, Presentaciones, Ponencias, Conferencias, Seminarios, Forums, Trainings\" \/>\n<meta property=\"og:url\" content=\"https:\/\/virgosarbitration.com\/es\/publicaciones-y-presentaciones\" \/>\n<meta property=\"og:site_name\" content=\"Miguel Virg\u00f3s Arbitration\" \/>\n<meta property=\"article:modified_time\" content=\"2024-12-23T19:04:05+00:00\" \/>\n<meta name=\"twitter:card\" content=\"summary_large_image\" \/>\n<meta name=\"twitter:label1\" content=\"Tiempo de lectura\" \/>\n\t<meta name=\"twitter:data1\" content=\"5 minutos\" \/>\n<script type=\"application\/ld+json\" class=\"yoast-schema-graph\">{\"@context\":\"https:\/\/schema.org\",\"@graph\":[{\"@type\":\"WebPage\",\"@id\":\"https:\/\/virgosarbitration.com\/es\/publicaciones-y-presentaciones\",\"url\":\"https:\/\/virgosarbitration.com\/es\/publicaciones-y-presentaciones\",\"name\":\"Virg\u00f3s Arbitration | Miguel Virg\u00f3s | Publicaciones | Ponencias\",\"isPartOf\":{\"@id\":\"https:\/\/virgosarbitration.com\/es#website\"},\"datePublished\":\"2020-02-23T16:28:39+00:00\",\"dateModified\":\"2024-12-23T19:04:05+00:00\",\"description\":\"Miguel Virg\u00f3s: Publicaciones, Libros y art\u00edculos, Opiniones, Prensa, Presentaciones, Ponencias, Conferencias, Seminarios, Forums, Trainings\",\"breadcrumb\":{\"@id\":\"https:\/\/virgosarbitration.com\/es\/publicaciones-y-presentaciones#breadcrumb\"},\"inLanguage\":\"es\",\"potentialAction\":[{\"@type\":\"ReadAction\",\"target\":[\"https:\/\/virgosarbitration.com\/es\/publicaciones-y-presentaciones\"]}]},{\"@type\":\"BreadcrumbList\",\"@id\":\"https:\/\/virgosarbitration.com\/es\/publicaciones-y-presentaciones#breadcrumb\",\"itemListElement\":[{\"@type\":\"ListItem\",\"position\":1,\"name\":\"Portada\",\"item\":\"https:\/\/virgosarbitration.com\/es\"},{\"@type\":\"ListItem\",\"position\":2,\"name\":\"Publicaciones\"}]},{\"@type\":\"WebSite\",\"@id\":\"https:\/\/virgosarbitration.com\/es#website\",\"url\":\"https:\/\/virgosarbitration.com\/es\",\"name\":\"Miguel Virg\u00f3s Arbitration\",\"description\":\"Miguel Virg\u00f3s - \u00e1rbitro internacional y catedr\u00e1tico de derecho\",\"potentialAction\":[{\"@type\":\"SearchAction\",\"target\":{\"@type\":\"EntryPoint\",\"urlTemplate\":\"https:\/\/virgosarbitration.com\/es?s={search_term_string}\"},\"query-input\":\"required name=search_term_string\"}],\"inLanguage\":\"es\"}]}<\/script>\n<!-- \/ Yoast SEO plugin. -->","yoast_head_json":{"title":"Virg\u00f3s Arbitration | Miguel Virg\u00f3s | Publicaciones | Ponencias","description":"Miguel Virg\u00f3s: Publicaciones, Libros y art\u00edculos, Opiniones, Prensa, Presentaciones, Ponencias, Conferencias, Seminarios, Forums, Trainings","robots":{"index":"index","follow":"follow","max-snippet":"max-snippet:-1","max-image-preview":"max-image-preview:large","max-video-preview":"max-video-preview:-1"},"canonical":"https:\/\/virgosarbitration.com\/es\/publicaciones-y-presentaciones","og_locale":"es_ES","og_type":"article","og_title":"Virg\u00f3s Arbitration | Miguel Virg\u00f3s | Publicaciones | Ponencias","og_description":"Miguel Virg\u00f3s: Publicaciones, Libros y art\u00edculos, Opiniones, Prensa, Presentaciones, Ponencias, Conferencias, Seminarios, Forums, Trainings","og_url":"https:\/\/virgosarbitration.com\/es\/publicaciones-y-presentaciones","og_site_name":"Miguel Virg\u00f3s Arbitration","article_modified_time":"2024-12-23T19:04:05+00:00","twitter_card":"summary_large_image","twitter_misc":{"Tiempo de lectura":"5 minutos"},"schema":{"@context":"https:\/\/schema.org","@graph":[{"@type":"WebPage","@id":"https:\/\/virgosarbitration.com\/es\/publicaciones-y-presentaciones","url":"https:\/\/virgosarbitration.com\/es\/publicaciones-y-presentaciones","name":"Virg\u00f3s Arbitration | Miguel Virg\u00f3s | Publicaciones | Ponencias","isPartOf":{"@id":"https:\/\/virgosarbitration.com\/es#website"},"datePublished":"2020-02-23T16:28:39+00:00","dateModified":"2024-12-23T19:04:05+00:00","description":"Miguel Virg\u00f3s: Publicaciones, Libros y art\u00edculos, Opiniones, Prensa, Presentaciones, Ponencias, Conferencias, Seminarios, Forums, Trainings","breadcrumb":{"@id":"https:\/\/virgosarbitration.com\/es\/publicaciones-y-presentaciones#breadcrumb"},"inLanguage":"es","potentialAction":[{"@type":"ReadAction","target":["https:\/\/virgosarbitration.com\/es\/publicaciones-y-presentaciones"]}]},{"@type":"BreadcrumbList","@id":"https:\/\/virgosarbitration.com\/es\/publicaciones-y-presentaciones#breadcrumb","itemListElement":[{"@type":"ListItem","position":1,"name":"Portada","item":"https:\/\/virgosarbitration.com\/es"},{"@type":"ListItem","position":2,"name":"Publicaciones"}]},{"@type":"WebSite","@id":"https:\/\/virgosarbitration.com\/es#website","url":"https:\/\/virgosarbitration.com\/es","name":"Miguel Virg\u00f3s Arbitration","description":"Miguel Virg\u00f3s - \u00e1rbitro internacional y catedr\u00e1tico de derecho","potentialAction":[{"@type":"SearchAction","target":{"@type":"EntryPoint","urlTemplate":"https:\/\/virgosarbitration.com\/es?s={search_term_string}"},"query-input":"required name=search_term_string"}],"inLanguage":"es"}]}},"_links":{"self":[{"href":"https:\/\/virgosarbitration.com\/es\/wp-json\/wp\/v2\/pages\/531"}],"collection":[{"href":"https:\/\/virgosarbitration.com\/es\/wp-json\/wp\/v2\/pages"}],"about":[{"href":"https:\/\/virgosarbitration.com\/es\/wp-json\/wp\/v2\/types\/page"}],"author":[{"embeddable":true,"href":"https:\/\/virgosarbitration.com\/es\/wp-json\/wp\/v2\/users\/1"}],"replies":[{"embeddable":true,"href":"https:\/\/virgosarbitration.com\/es\/wp-json\/wp\/v2\/comments?post=531"}],"version-history":[{"count":37,"href":"https:\/\/virgosarbitration.com\/es\/wp-json\/wp\/v2\/pages\/531\/revisions"}],"predecessor-version":[{"id":1263,"href":"https:\/\/virgosarbitration.com\/es\/wp-json\/wp\/v2\/pages\/531\/revisions\/1263"}],"wp:attachment":[{"href":"https:\/\/virgosarbitration.com\/es\/wp-json\/wp\/v2\/media?parent=531"}],"curies":[{"name":"wp","href":"https:\/\/api.w.org\/{rel}","templated":true}]}}