{"id":528,"date":"2020-02-01T12:05:02","date_gmt":"2020-02-01T12:05:02","guid":{"rendered":"https:\/\/virgosarbitration.com\/?page_id=528"},"modified":"2020-03-11T19:16:01","modified_gmt":"2020-03-11T19:16:01","slug":"privacy-policy","status":"publish","type":"page","link":"https:\/\/virgosarbitration.com\/es\/privacy-policy","title":{"rendered":"Pol\u00edtica de Privacidad"},"content":{"rendered":"<p>[et_pb_section fb_built=\u00bb1&#8243; admin_label=\u00bbAbout\u00bb _builder_version=\u00bb4.0.5&#8243; custom_margin=\u00bb-65px||||false|false\u00bb custom_padding=\u00bb||11px|||\u00bb][et_pb_row _builder_version=\u00bb4.0.5&#8243; width=\u00bb100%\u00bb custom_margin=\u00bb0px|auto||auto|false|false\u00bb custom_padding=\u00bb10px|0px|0|0px|false|false\u00bb][et_pb_column type=\u00bb4_4&#8243; _builder_version=\u00bb3.25&#8243; custom_padding=\u00bb|||\u00bb custom_padding__hover=\u00bb|||\u00bb][et_pb_text _builder_version=\u00bb4.0.5&#8243; text_font=\u00bbMontserrat||||||||\u00bb text_text_color=\u00bb#424242&#8243; text_line_height=\u00bb1.5em\u00bb ul_text_color=\u00bb#424242&#8243; ul_line_height=\u00bb1.5em\u00bb max_width=\u00bb1080px\u00bb custom_margin=\u00bb15px||||false|false\u00bb custom_padding=\u00bb0px|0px|0px|10px|true|false\u00bb text_font_size_tablet=\u00bb\u00bb text_font_size_phone=\u00bb14px\u00bb text_font_size_last_edited=\u00bbon|phone\u00bb locked=\u00bboff\u00bb]<\/p>\n<p><strong><\/strong><\/p>\n<h2>Pol\u00edtica de Privacidad<\/h2>\n<p>Estamos comprometidos con la protecci\u00f3n de la privacidad y los datos personales de todos nuestros clientes y otros contactos generados a trav\u00e9s de nuestro sitio web, en el marco de encuentros profesionales, en la recepci\u00f3n de candidaturas, etc.<\/p>\n<p>Mediante la presente Nota \u00a0les informamos \u00a0que sus datos personales ser\u00e1n tratados por Virg\u00f3s Arbitration de conformidad con la normativa aplicable y, en concreto, con el nuevo Reglamento General de Protecci\u00f3n de Datos de la UE (RGPD), Reglamento 2016\/679, de 27 de abril, de aplicaci\u00f3n desde el 25 de mayo de 2018.<\/p>\n<h4><u>Obtenci\u00f3n de datos personales<\/u><\/h4>\n<p>La obtenci\u00f3n de datos personales por VIRG\u00d3S ARBITRATION se rige por el principio de \u201cminimizaci\u00f3n\u201d de datos: s\u00f3lo recogemos los datos que son pertinentes y limitados a lo necesario en relaci\u00f3n con los fines para los que son tratados.<\/p>\n<h4><u>Base jur\u00eddica y finalidad del tratamiento de datos personales<\/u><\/h4>\n<p>El tratamiento de sus datos personales s\u00f3lo se llevar\u00e1 a cabo de conformidad con la normativa aplicable y, en particular:<\/p>\n<ul>\n<li>cuando sea necesario para decidir disputas que nos hayan sido sometidas como \u00a0\u00e1rbitros o para evitar conflictos de intereses con las que nos puedan ser sometidas<\/li>\n<li>cuando resulte necesario para la ejecuci\u00f3n o celebraci\u00f3n de un contrato;<\/li>\n<li>cuando nos haya dado su consentimiento expreso e inequ\u00edvoco (por ejemplo, para el env\u00edo de comunicaciones de marketing);<\/li>\n<li>cuando sea necesario para el cumplimiento de nuestras obligaciones legales (por ejemplo, prevenci\u00f3n de blanqueo de capitales, etc.);<\/li>\n<\/ul>\n<p>El tratamiento de sus datos personales responde siempre a finalidades concretas, expresas y leg\u00edtimas. Dependiendo de cada situaci\u00f3n, sus datos personales podr\u00e1n ser utilizados para los siguientes fines:<\/p>\n<ul>\n<li>decidir disputas sometidas a alguno de \u00a0nosotros como \u00e1rbitro<\/li>\n<li>comunicarnos con usted en el marco de la prestaci\u00f3n de servicios que nos hayan sido confiados;<\/li>\n<li>recibir o suscribirse a comunicaciones, boletines informativos e invitaciones;<\/li>\n<li>evaluar su candidatura a una posici\u00f3n en nuestra empresa;<\/li>\n<li>participar en encuestas sobre nuestros servicios y para mejorar la experiencia como cliente o usuario.<\/li>\n<\/ul>\n<h4><u>Seguridad de los datos personales<\/u><\/h4>\n<p>Para preservar la seguridad de sus datos personales, s\u00f3lo las personas debidamente autorizadas pueden acceder a ellos. Empleamos nuestros mejores esfuerzos y diligencia para preservar la confidencialidad e integridad de sus datos personales, as\u00ed como para evitar violaciones de seguridad, manipulaciones deliberadas, alteraciones y p\u00e9rdida de datos y accesos no autorizados y disponemos de medidas t\u00e9cnicas y organizativas apropiadas para asegurar que los datos personales sean tratados y conservados de forma adecuada.<\/p>\n<p>En la medida en que los fines descritos anteriormente as\u00ed lo requieran, podemos compartir sus datos personales con:<\/p>\n<ul>\n<li>Co-\u00e1rbitros (si los hay)<\/li>\n<li>El Secretario del Tribunal (si lo hay)<\/li>\n<li>La instituci\u00f3n arbitral que nombra \/ administra el caso (si la hay)<\/li>\n<li>Un tribunal, si el arbitraje lleva a los procedimientos jur\u00eddicos donde somos parte o en los que somos testigos.<\/li>\n<li>Asesores legales en caso de disputa u otro asunto jur\u00eddico.<\/li>\n<li>Funcionarios, autoridades u otros terceros como consecuencia del cumplimiento de nuestras obligaciones legales.<\/li>\n<li>Cualquier otra parte para la que le solicitemos permiso y usted lo consiente<\/li>\n<\/ul>\n<p>Los pa\u00edses \u00a0no pertenecientes al \u00a0EEE pueden no disponer de \u00a0leyes o reglamentos \u00a0de protecci\u00f3n de datos comparables a las vigentes en la UE. En el caso que no exista un nivel de seguridad comparable con la regulaci\u00f3n europea, adoptaremos las medidas apropiadas para garantizar que sus datos personales est\u00e9n adecuadamente protegidos en estos pa\u00edses.<\/p>\n<h4><u>Sus derechos<\/u><\/h4>\n<p>Sin perjuicio de los l\u00edmites legalmente establecidos, , usted tiene los derechos siguientes sobre sus datos personales:<\/p>\n<ul>\n<li>Derecho de <u>acceso e informaci\u00f3n <\/u>sobre el tratamiento de sus datos personales (art. 15 RGPD): en particular, usted tiene el derecho de solicitarnos informaci\u00f3n sobre las finalidades de tratamiento, la categor\u00eda particular de los datos objeto de tratamiento, las personas destinatarias, el origen de los datos cuando no provengan del interesado, la duraci\u00f3n prevista de conservaci\u00f3n y la utilizaci\u00f3n de decisiones automatizadas.<\/li>\n<li>Derecho de <u>rectificaci\u00f3n <\/u>(art. 16 RGPD): obtener la rectificaci\u00f3n de aquellos de sus datos personales que sean inexactos, as\u00ed como, atendiendo a los fines del tratamiento, exigir que se completen los mismos.<\/li>\n<li>Derecho de <u>supresi\u00f3n <\/u>(art. 17 RGPD): obtener la supresi\u00f3n de sus datos personales siempre que su tratamiento no sea necesario para el cumplimiento por nuestra parte de obligaciones legales, para la formulaci\u00f3n, ejercicio o defensa de reclamaciones o por razones de inter\u00e9s p\u00fablico.<\/li>\n<li>Derecho a la <u>limitaci\u00f3n del tratamiento <\/u>(art. 18 RGPD): obtener la limitaci\u00f3n del tratamiento de sus datos personales siempre que (i) nos haya comunicado la inexactitud de sus datos y hasta que procedamos a su rectificaci\u00f3n, (ii) el tratamiento de sus datos no sea conforme a la normativa aplicable y usted opte por la limitaci\u00f3n del uso en lugar de la supresi\u00f3n, o (iii) usted se haya opuesto a un tratamiento concreto de sus datos personales de acuerdo con el art. 21 RGPD y el tratamiento para otros fines sea necesario.<\/li>\n<li>Derecho a la <u>portabilidad <\/u>(art. 20 RGPD): dentro de los l\u00edmites establecidos en la normativa aplicable, cuando el fundamento del tratamiento sea su consentimiento o un contrato, este derecho le faculta a recibir los datos personales que nos haya facilitado en un formato estructurado, de uso com\u00fan, y a transmitirlos a otro responsable de tratamiento sin que nosotros podamos impedirlo. Siempre que sea t\u00e9cnicamente posible, si as\u00ed nos lo requiere, transmitiremos directamente sus datos personales al nuevo responsable que usted designe.<\/li>\n<li>Derecho a <u>revocar su consentimiento <\/u>(art. 7.3 RGPD): cuando el tratamiento de sus datos personales est\u00e9 fundado en su consentimiento, usted podr\u00e1 revocar el mismo en cualquier momento.<\/li>\n<li>Derecho a <u>presentar una reclamaci\u00f3n <\/u>(art. 77 RGPD): en caso de que, no obstante, nuestros esfuerzos por preservar la seguridad y confidencialidad de sus datos, usted considere que sus derechos han sido vulnerados, estar\u00e1 facultado para presentar una reclamaci\u00f3n ante una autoridad de control, en particular, la autoridad de su residencia habitual, lugar de trabajo o lugar de la supuesta infracci\u00f3n. En cualquier caso, usted tiene acceso al listado de autoridades de control que debe publicar la Comisi\u00f3n Europea en el siguiente enlace (<a href=\"http:\/\/ec.europa.eu\/justice\/article-29\/structure\/data-protection-authorities\/index_en.htm\">http:\/\/ec.europa.eu\/justice\/article-29\/structure\/data-protection-authorities\/index_en.htm<\/a>).<\/li>\n<\/ul>\n<h4><u>Ejercicio de sus derechos<\/u><\/h4>\n<p>Para ejercer sus derechos, as\u00ed como para cualquier cuesti\u00f3n o duda que tenga sobre esta Pol\u00edtica, puede dirigirse a nosotros a correo electr\u00f3nico: <a href=\"mailto:info@virgosarbitration.com\">info@virgosarbitration.com<\/a><\/p>\n<h2>Aviso de Cookies<\/h2>\n<p><em>Este sitio web utiliza cookies en la forma que se describe en nuestra Pol\u00edtica de Privacidad que le invitamos a consultar. Si contin\u00faa utilizando nuestro sitio web entendemos que acepta nuestra Pol\u00edtica de Privacidad.<\/em><\/p>\n<p>No recogemos informaci\u00f3n personal e identificable sobre Ud., como su nombre, direcci\u00f3n de correo electr\u00f3nico, etc., salvo que cumplimente un formulario de contacto o nos env\u00ede un correo electr\u00f3nico directamente.<\/p>\n<p>Recopilamos autom\u00e1ticamente cierta informaci\u00f3n personal no identificable cuando Ud. visita nuestro sitio, como el tipo de navegador que est\u00e1 utilizando, etc., a trav\u00e9s de las llamadas \u201ccookies\u201d de nuestro sitio web WWW.VIRGOSARBITRATION.COM. Usamos esta informaci\u00f3n para analizar el uso de nuestro sitio web lo que nos permite mejorar su dise\u00f1o y contenidos.<\/p>\n<p>Al acceder a nuestro sitio web, acepta la instalaci\u00f3n y utilizaci\u00f3n de las cookies de acuerdo con este Aviso de cookies. Si no acepta el uso de cookies, deshabil\u00edtelas siguiendo las instrucciones aqu\u00ed indicadas, por ejemplo, visitando el \u201cAsistente para el consentimiento de cookies\u201d o cambiando la configuraci\u00f3n de su navegador para que las cookies de este sitio web no se activen en su ordenador o dispositivo m\u00f3vil.<\/p>\n<h4><u>\u00bfQu\u00e9 es una cookie?<\/u><\/h4>\n<p>Las cookies son ficheros de texto que contienen peque\u00f1as cantidades de informaci\u00f3n que se descargan en su ordenador o dispositivo m\u00f3vil cuando visita un sitio web. Las cookies se env\u00edan al sitio web de origen en cada visita posterior, y a otros sitios web que reconoce esa cookie.<\/p>\n<p>Las cookies tienen varias funciones, como permitirle navegar entre las p\u00e1ginas de manera eficiente, recordar sus preferencias y, en general, mejorar la experiencia del usuario. Tambi\u00e9n pueden ayudar que los anuncios que se visualicen en el entorno online resulten m\u00e1s apropiados a sus intereses.<\/p>\n<h4><u>\u00bfQu\u00e9 cookies utilizamos?<\/u><\/h4>\n<p><strong>Cookies anal\u00edticas:<\/strong><\/p>\n<ul>\n<li>_gat<\/li>\n<li>_ga<\/li>\n<li>_gid<\/li>\n<li>_unam<\/li>\n<li>AMCV_AdobeOrg<\/li>\n<li>utag_main<\/li>\n<\/ul>\n<p>Estas cookies recogen informaci\u00f3n sobre la manera en la cual los visitantes usan un sitio web, por ejemplo, qu\u00e9 p\u00e1ginas visitan con m\u00e1s frecuencia y si reciben mensajes de error procedentes de los sitios web.<\/p>\n<p><strong>Cookies t\u00e9cnicas:<\/strong><\/p>\n<ul>\n<li>Cg_cookie_accepted<\/li>\n<\/ul>\n<h4><u>\u00bfC\u00f3mo controlar y eliminar cookies a trav\u00e9s del navegador?<\/u><\/h4>\n<p>La posibilidad de aceptar, bloquear o eliminar las cookies anal\u00edticas de su equipo puede llevarse tambi\u00e9n a cabo a trav\u00e9s de la configuraci\u00f3n del navegador instalado en su ordenador o dispositivo m\u00f3vil.. Para ello, siga las instrucciones proporcionadas por su navegador (generalmente ubicado dentro de las funciones \u201cAyuda\u201d, \u201cHerramientas\u201d o \u201cEditar\u201d). Pulse aqu\u00ed para m\u00e1s informaci\u00f3n:<\/p>\n<p>Chrome: <a href=\"https:\/\/support.google.com\/accounts\/answer\/61416?co=GENIE.Platform%3DDesktop&amp;hl=es&amp;oco=1\">https:\/\/support.google.com\/accounts\/answer\/61416?co=GENIE.Platform%3DDesktop&amp;hl=es&amp;oco=1<\/a><\/p>\n<p>Firefox: <a href=\"https:\/\/support.mozilla.org\/es\/kb\/habilitar-y-deshabilitar-cookies-sitios-web-rastrear-preferencias\">https:\/\/support.mozilla.org\/es\/kb\/habilitar-y-deshabilitar-cookies-sitios-web-rastrear-preferencias<\/a><\/p>\n<p>Opera: <a href=\"http:\/\/help.opera.com\/Windows\/11.50\/es-ES\/cookies.html\">http:\/\/help.opera.com\/Windows\/11.50\/es-ES\/cookies.html<\/a><\/p>\n<p>IE: <a href=\"https:\/\/support.microsoft.com\/es-es\/help\/17442\/windows-internet-explorer-delete-manage-cookies\">https:\/\/support.microsoft.com\/es-es\/help\/17442\/windows-internet-explorer-delete-manage-cookies<\/a><\/p>\n<p>Safari: <a href=\"https:\/\/support.apple.com\/kb\/ph21411?locale=es_ES\">https:\/\/support.apple.com\/kb\/ph21411?locale=es_ES<\/a><\/p>\n<h4><u>Nuestro compromiso con la seguridad<\/u><\/h4>\n<p>Contamos con medidas de seguridad para evitar el acceso no autorizado a la informaci\u00f3n recogida online.<\/p>\n<h4><u>C\u00f3mo contactarnos<\/u><\/h4>\n<p>Si tiene alguna pregunta o duda sobre nuestra pol\u00edtica de privacidad o su implementaci\u00f3n, puede contactarnos en: <a href=\"mailto:info@virgosarbitration.com\">info@virgosarbitration.com<\/a>\u00a0<\/p>\n<p><a href=\"mailto:info@virgosarbitration.com\"><\/a><\/p>\n<p>[\/et_pb_text][\/et_pb_column][\/et_pb_row][\/et_pb_section]<\/p>\n","protected":false},"excerpt":{"rendered":"<p>Pol\u00edtica de Privacidad Estamos comprometidos con la protecci\u00f3n de la privacidad y los datos personales de todos nuestros clientes y otros contactos generados a trav\u00e9s de nuestro sitio web, en el marco de encuentros profesionales, en la recepci\u00f3n de candidaturas, etc. Mediante la presente Nota \u00a0les informamos \u00a0que sus datos personales ser\u00e1n tratados por Virg\u00f3s [&hellip;]<\/p>\n","protected":false},"author":2,"featured_media":0,"parent":0,"menu_order":0,"comment_status":"closed","ping_status":"open","template":"","meta":{"_et_pb_use_builder":"on","_et_pb_old_content":"<!-- wp:heading --><h2>Who we are<\/h2><!-- \/wp:heading --><!-- wp:paragraph --><p>Our website address is: http:\/\/virgosarbitration.com.<\/p><!-- \/wp:paragraph --><!-- wp:heading --><h2>What personal data we collect and why we collect it<\/h2><!-- \/wp:heading --><!-- wp:heading {\"level\":3} --><h3>Comments<\/h3><!-- \/wp:heading --><!-- wp:paragraph --><p>When visitors leave comments on the site we collect the data shown in the comments form, and also the visitor&#8217;s IP address and browser user agent string to help spam detection.<\/p><!-- \/wp:paragraph --><!-- wp:paragraph --><p>An anonymized string created from your email address (also called a hash) may be provided to the Gravatar service to see if you are using it. The Gravatar service privacy policy is available here: https:\/\/automattic.com\/privacy\/. After approval of your comment, your profile picture is visible to the public in the context of your comment.<\/p><!-- \/wp:paragraph --><!-- wp:heading {\"level\":3} --><h3>Media<\/h3><!-- \/wp:heading --><!-- wp:paragraph --><p>If you upload images to the website, you should avoid uploading images with embedded location data (EXIF GPS) included. Visitors to the website can download and extract any location data from images on the website.<\/p><!-- \/wp:paragraph --><!-- wp:heading {\"level\":3} --><h3>Contact forms<\/h3><!-- \/wp:heading --><!-- wp:heading {\"level\":3} --><h3>Cookies<\/h3><!-- \/wp:heading --><!-- wp:paragraph --><p>If you leave a comment on our site you may opt-in to saving your name, email address and website in cookies. These are for your convenience so that you do not have to fill in your details again when you leave another comment. These cookies will last for one year.<\/p><!-- \/wp:paragraph --><!-- wp:paragraph --><p>If you visit our login page, we will set a temporary cookie to determine if your browser accepts cookies. This cookie contains no personal data and is discarded when you close your browser.<\/p><!-- \/wp:paragraph --><!-- wp:paragraph --><p>When you log in, we will also set up several cookies to save your login information and your screen display choices. Login cookies last for two days, and screen options cookies last for a year. If you select &quot;Remember Me&quot;, your login will persist for two weeks. If you log out of your account, the login cookies will be removed.<\/p><!-- \/wp:paragraph --><!-- wp:paragraph --><p>If you edit or publish an article, an additional cookie will be saved in your browser. This cookie includes no personal data and simply indicates the post ID of the article you just edited. It expires after 1 day.<\/p><!-- \/wp:paragraph --><!-- wp:heading {\"level\":3} --><h3>Embedded content from other websites<\/h3><!-- \/wp:heading --><!-- wp:paragraph --><p>Articles on this site may include embedded content (e.g. videos, images, articles, etc.). Embedded content from other websites behaves in the exact same way as if the visitor has visited the other website.<\/p><!-- \/wp:paragraph --><!-- wp:paragraph --><p>These websites may collect data about you, use cookies, embed additional third-party tracking, and monitor your interaction with that embedded content, including tracking your interaction with the embedded content if you have an account and are logged in to that website.<\/p><!-- \/wp:paragraph --><!-- wp:heading {\"level\":3} --><h3>Analytics<\/h3><!-- \/wp:heading --><!-- wp:heading --><h2>Who we share your data with<\/h2><!-- \/wp:heading --><!-- wp:heading --><h2>How long we retain your data<\/h2><!-- \/wp:heading --><!-- wp:paragraph --><p>If you leave a comment, the comment and its metadata are retained indefinitely. This is so we can recognize and approve any follow-up comments automatically instead of holding them in a moderation queue.<\/p><!-- \/wp:paragraph --><!-- wp:paragraph --><p>For users that register on our website (if any), we also store the personal information they provide in their user profile. All users can see, edit, or delete their personal information at any time (except they cannot change their username). Website administrators can also see and edit that information.<\/p><!-- \/wp:paragraph --><!-- wp:heading --><h2>What rights you have over your data<\/h2><!-- \/wp:heading --><!-- wp:paragraph --><p>If you have an account on this site, or have left comments, you can request to receive an exported file of the personal data we hold about you, including any data you have provided to us. You can also request that we erase any personal data we hold about you. This does not include any data we are obliged to keep for administrative, legal, or security purposes.<\/p><!-- \/wp:paragraph --><!-- wp:heading --><h2>Where we send your data<\/h2><!-- \/wp:heading --><!-- wp:paragraph --><p>Visitor comments may be checked through an automated spam detection service.<\/p><!-- \/wp:paragraph --><!-- wp:heading --><h2>Your contact information<\/h2><!-- \/wp:heading --><!-- wp:heading --><h2>Additional information<\/h2><!-- \/wp:heading --><!-- wp:heading {\"level\":3} --><h3>How we protect your data<\/h3><!-- \/wp:heading --><!-- wp:heading {\"level\":3} --><h3>What data breach procedures we have in place<\/h3><!-- \/wp:heading --><!-- wp:heading {\"level\":3} --><h3>What third parties we receive data from<\/h3><!-- \/wp:heading --><!-- wp:heading {\"level\":3} --><h3>What automated decision making and\/or profiling we do with user data<\/h3><!-- \/wp:heading --><!-- wp:heading {\"level\":3} --><h3>Industry regulatory disclosure requirements<\/h3><!-- \/wp:heading -->","_et_gb_content_width":""},"yoast_head":"<!-- This site is optimized with the Yoast SEO plugin v20.3 - https:\/\/yoast.com\/wordpress\/plugins\/seo\/ -->\n<title>Pol\u00edtica de Privacidad - Miguel Virg\u00f3s Arbitration<\/title>\n<meta name=\"robots\" content=\"index, follow, max-snippet:-1, max-image-preview:large, max-video-preview:-1\" \/>\n<link rel=\"canonical\" href=\"https:\/\/virgosarbitration.com\/es\/privacy-policy\" \/>\n<meta property=\"og:locale\" content=\"es_ES\" \/>\n<meta property=\"og:type\" content=\"article\" \/>\n<meta property=\"og:title\" content=\"Pol\u00edtica de Privacidad - Miguel Virg\u00f3s Arbitration\" \/>\n<meta property=\"og:description\" content=\"Pol\u00edtica de Privacidad Estamos comprometidos con la protecci\u00f3n de la privacidad y los datos personales de todos nuestros clientes y otros contactos generados a trav\u00e9s de nuestro sitio web, en el marco de encuentros profesionales, en la recepci\u00f3n de candidaturas, etc. Mediante la presente Nota \u00a0les informamos \u00a0que sus datos personales ser\u00e1n tratados por Virg\u00f3s [&hellip;]\" \/>\n<meta property=\"og:url\" content=\"https:\/\/virgosarbitration.com\/es\/privacy-policy\" \/>\n<meta property=\"og:site_name\" content=\"Miguel Virg\u00f3s Arbitration\" \/>\n<meta property=\"article:modified_time\" content=\"2020-03-11T19:16:01+00:00\" \/>\n<meta name=\"twitter:card\" content=\"summary_large_image\" \/>\n<meta name=\"twitter:label1\" content=\"Tiempo de lectura\" \/>\n\t<meta name=\"twitter:data1\" content=\"9 minutos\" \/>\n<script type=\"application\/ld+json\" class=\"yoast-schema-graph\">{\"@context\":\"https:\/\/schema.org\",\"@graph\":[{\"@type\":\"WebPage\",\"@id\":\"https:\/\/virgosarbitration.com\/es\/privacy-policy\",\"url\":\"https:\/\/virgosarbitration.com\/es\/privacy-policy\",\"name\":\"Pol\u00edtica de Privacidad - Miguel Virg\u00f3s Arbitration\",\"isPartOf\":{\"@id\":\"https:\/\/virgosarbitration.com\/es#website\"},\"datePublished\":\"2020-02-01T12:05:02+00:00\",\"dateModified\":\"2020-03-11T19:16:01+00:00\",\"breadcrumb\":{\"@id\":\"https:\/\/virgosarbitration.com\/es\/privacy-policy#breadcrumb\"},\"inLanguage\":\"es\",\"potentialAction\":[{\"@type\":\"ReadAction\",\"target\":[\"https:\/\/virgosarbitration.com\/es\/privacy-policy\"]}]},{\"@type\":\"BreadcrumbList\",\"@id\":\"https:\/\/virgosarbitration.com\/es\/privacy-policy#breadcrumb\",\"itemListElement\":[{\"@type\":\"ListItem\",\"position\":1,\"name\":\"Portada\",\"item\":\"https:\/\/virgosarbitration.com\/es\"},{\"@type\":\"ListItem\",\"position\":2,\"name\":\"Pol\u00edtica de Privacidad\"}]},{\"@type\":\"WebSite\",\"@id\":\"https:\/\/virgosarbitration.com\/es#website\",\"url\":\"https:\/\/virgosarbitration.com\/es\",\"name\":\"Miguel Virg\u00f3s Arbitration\",\"description\":\"Miguel Virg\u00f3s - \u00e1rbitro internacional y catedr\u00e1tico de derecho\",\"potentialAction\":[{\"@type\":\"SearchAction\",\"target\":{\"@type\":\"EntryPoint\",\"urlTemplate\":\"https:\/\/virgosarbitration.com\/es?s={search_term_string}\"},\"query-input\":\"required name=search_term_string\"}],\"inLanguage\":\"es\"}]}<\/script>\n<!-- \/ Yoast SEO plugin. -->","yoast_head_json":{"title":"Pol\u00edtica de Privacidad - Miguel Virg\u00f3s Arbitration","robots":{"index":"index","follow":"follow","max-snippet":"max-snippet:-1","max-image-preview":"max-image-preview:large","max-video-preview":"max-video-preview:-1"},"canonical":"https:\/\/virgosarbitration.com\/es\/privacy-policy","og_locale":"es_ES","og_type":"article","og_title":"Pol\u00edtica de Privacidad - Miguel Virg\u00f3s Arbitration","og_description":"Pol\u00edtica de Privacidad Estamos comprometidos con la protecci\u00f3n de la privacidad y los datos personales de todos nuestros clientes y otros contactos generados a trav\u00e9s de nuestro sitio web, en el marco de encuentros profesionales, en la recepci\u00f3n de candidaturas, etc. Mediante la presente Nota \u00a0les informamos \u00a0que sus datos personales ser\u00e1n tratados por Virg\u00f3s [&hellip;]","og_url":"https:\/\/virgosarbitration.com\/es\/privacy-policy","og_site_name":"Miguel Virg\u00f3s Arbitration","article_modified_time":"2020-03-11T19:16:01+00:00","twitter_card":"summary_large_image","twitter_misc":{"Tiempo de lectura":"9 minutos"},"schema":{"@context":"https:\/\/schema.org","@graph":[{"@type":"WebPage","@id":"https:\/\/virgosarbitration.com\/es\/privacy-policy","url":"https:\/\/virgosarbitration.com\/es\/privacy-policy","name":"Pol\u00edtica de Privacidad - Miguel Virg\u00f3s Arbitration","isPartOf":{"@id":"https:\/\/virgosarbitration.com\/es#website"},"datePublished":"2020-02-01T12:05:02+00:00","dateModified":"2020-03-11T19:16:01+00:00","breadcrumb":{"@id":"https:\/\/virgosarbitration.com\/es\/privacy-policy#breadcrumb"},"inLanguage":"es","potentialAction":[{"@type":"ReadAction","target":["https:\/\/virgosarbitration.com\/es\/privacy-policy"]}]},{"@type":"BreadcrumbList","@id":"https:\/\/virgosarbitration.com\/es\/privacy-policy#breadcrumb","itemListElement":[{"@type":"ListItem","position":1,"name":"Portada","item":"https:\/\/virgosarbitration.com\/es"},{"@type":"ListItem","position":2,"name":"Pol\u00edtica de Privacidad"}]},{"@type":"WebSite","@id":"https:\/\/virgosarbitration.com\/es#website","url":"https:\/\/virgosarbitration.com\/es","name":"Miguel Virg\u00f3s Arbitration","description":"Miguel Virg\u00f3s - \u00e1rbitro internacional y catedr\u00e1tico de derecho","potentialAction":[{"@type":"SearchAction","target":{"@type":"EntryPoint","urlTemplate":"https:\/\/virgosarbitration.com\/es?s={search_term_string}"},"query-input":"required name=search_term_string"}],"inLanguage":"es"}]}},"_links":{"self":[{"href":"https:\/\/virgosarbitration.com\/es\/wp-json\/wp\/v2\/pages\/528"}],"collection":[{"href":"https:\/\/virgosarbitration.com\/es\/wp-json\/wp\/v2\/pages"}],"about":[{"href":"https:\/\/virgosarbitration.com\/es\/wp-json\/wp\/v2\/types\/page"}],"author":[{"embeddable":true,"href":"https:\/\/virgosarbitration.com\/es\/wp-json\/wp\/v2\/users\/2"}],"replies":[{"embeddable":true,"href":"https:\/\/virgosarbitration.com\/es\/wp-json\/wp\/v2\/comments?post=528"}],"version-history":[{"count":6,"href":"https:\/\/virgosarbitration.com\/es\/wp-json\/wp\/v2\/pages\/528\/revisions"}],"predecessor-version":[{"id":696,"href":"https:\/\/virgosarbitration.com\/es\/wp-json\/wp\/v2\/pages\/528\/revisions\/696"}],"wp:attachment":[{"href":"https:\/\/virgosarbitration.com\/es\/wp-json\/wp\/v2\/media?parent=528"}],"curies":[{"name":"wp","href":"https:\/\/api.w.org\/{rel}","templated":true}]}}