{"id":522,"date":"2020-02-23T16:28:55","date_gmt":"2020-02-23T16:28:55","guid":{"rendered":"https:\/\/virgosarbitration.com\/?page_id=522"},"modified":"2025-01-17T03:23:04","modified_gmt":"2025-01-17T03:23:04","slug":"sobre-virgos-arbitration","status":"publish","type":"page","link":"https:\/\/virgosarbitration.com\/es","title":{"rendered":"Inicio"},"content":{"rendered":"<p>[et_pb_section fb_built=\u00bb1&#8243; admin_label=\u00bbAbout\u00bb _builder_version=\u00bb4.16&#8243; custom_margin=\u00bb-65px||||false|false\u00bb custom_padding=\u00bb||11px|||\u00bb global_colors_info=\u00bb{}\u00bb][et_pb_row _builder_version=\u00bb4.16&#8243; width=\u00bb100%\u00bb module_alignment=\u00bbcenter\u00bb max_height=\u00bb400px\u00bb global_colors_info=\u00bb{}\u00bb][et_pb_column type=\u00bb4_4&#8243; _builder_version=\u00bb4.16&#8243; global_colors_info=\u00bb{}\u00bb][et_pb_image src=\u00bbhttps:\/\/virgosarbitration.com\/wp-content\/uploads\/2024\/12\/header-1_ESP.jpg\u00bb title_text=\u00bbheader 1_ESP\u00bb _builder_version=\u00bb4.20.2&#8243; global_colors_info=\u00bb{}\u00bb][\/et_pb_image][\/et_pb_column][\/et_pb_row][et_pb_row _builder_version=\u00bb4.16&#8243; width=\u00bb100%\u00bb custom_margin=\u00bb0px|auto||auto|false|false\u00bb custom_padding=\u00bb10px|0px|0|0px|false|false\u00bb global_colors_info=\u00bb{}\u00bb][et_pb_column type=\u00bb4_4&#8243; _builder_version=\u00bb4.16&#8243; custom_padding=\u00bb|||\u00bb global_colors_info=\u00bb{}\u00bb custom_padding__hover=\u00bb|||\u00bb][et_pb_text _builder_version=\u00bb4.16&#8243; text_font=\u00bbMontserrat||||||||\u00bb text_text_color=\u00bb#7c7d7f\u00bb text_font_size=\u00bb16px\u00bb text_line_height=\u00bb1.5em\u00bb ul_font_size=\u00bb16px\u00bb ul_line_height=\u00bb1.5em\u00bb max_width=\u00bb1080px\u00bb custom_margin=\u00bb15px||||false|false\u00bb custom_padding=\u00bb0px|0px|0px|10px|true|false\u00bb text_font_size_tablet=\u00bb\u00bb text_font_size_phone=\u00bb14px\u00bb text_font_size_last_edited=\u00bbon|phone\u00bb locked=\u00bboff\u00bb global_colors_info=\u00bb{}\u00bb]<\/p>\n<p style=\"font-weight: 400;\"><span style=\"color: #000000;\">Miguel es un destacado abogado\u00a0y\u00a0\u00e1rbitro internacional con m\u00e1s de 25 a\u00f1os de experiencia en la resoluci\u00f3n de disputas comerciales nacionales e internacionales, tanto de Derecho continental como anglosaj\u00f3n, as\u00ed como de controversias entre inversores y Estados.<\/span><\/p>\n<p style=\"font-weight: 400;\"><span style=\"color: #000000;\">Ha participado como \u00e1rbitro o abogado en arbitrajes bajo los auspicios de las m\u00e1s importantes instituciones arbitrales del mundo, en arbitrajes con sede legal en Am\u00e9rica, Asia y Europa.<\/span><\/p>\n<p style=\"font-weight: 400;\"><span style=\"color: #000000;\">Miguel tiene su propia pr\u00e1ctica como \u00e1rbitro independiente, Virg\u00f3s Arbitration.<\/span><\/p>\n<p style=\"font-weight: 400;\"><span style=\"color: #000000;\">Es, asimismo, catedr\u00e1tico\u00a0de Derecho Internacional Privado en la Universidad Aut\u00f3noma de Madrid y\u00a0vocal permanente\u00a0de la Secci\u00f3n Mercantil de la Comisi\u00f3n General de Codificaci\u00f3n.<\/span><\/p>\n<p>[\/et_pb_text][\/et_pb_column][\/et_pb_row][et_pb_row column_structure=\u00bb1_4,1_4,1_4,1_4&#8243; use_custom_gutter=\u00bbon\u00bb gutter_width=\u00bb1&#8243; _builder_version=\u00bb4.16&#8243; width=\u00bb100%\u00bb global_colors_info=\u00bb{}\u00bb][et_pb_column type=\u00bb1_4&#8243; _builder_version=\u00bb4.16&#8243; global_colors_info=\u00bb{}\u00bb][et_pb_button button_url=\u00bb@ET-DC@eyJkeW5hbWljIjp0cnVlLCJjb250ZW50IjoicG9zdF9saW5rX3VybF9hdHRhY2htZW50Iiwic2V0dGluZ3MiOnsicG9zdF9pZCI6IjExMzQifX0=@\u00bb url_new_window=\u00bbon\u00bb button_text=\u00bbCV LARGO\u00bb button_alignment=\u00bbcenter\u00bb _builder_version=\u00bb4.20.2&#8243; _dynamic_attributes=\u00bbbutton_url\u00bb custom_button=\u00bbon\u00bb button_text_size=\u00bb12px\u00bb button_text_color=\u00bb#FFFFFF\u00bb button_bg_color=\u00bb#752727&#8243; button_border_color=\u00bbrgba(0,0,0,0)\u00bb button_border_radius=\u00bb5px\u00bb button_letter_spacing=\u00bb1px\u00bb button_font=\u00bbMontserrat|||on|||||\u00bb button_use_icon=\u00bboff\u00bb custom_margin=\u00bb0px|||0px|false|false\u00bb custom_padding=\u00bb10px|10px|10px|10px|true|true\u00bb box_shadow_style=\u00bbpreset1&#8243; box_shadow_color=\u00bbrgba(239,59,36,0.24)\u00bb button_letter_spacing_hover=\u00bb2px\u00bb locked=\u00bboff\u00bb global_colors_info=\u00bb{}\u00bb button_text_size__hover_enabled=\u00bboff\u00bb button_one_text_size__hover_enabled=\u00bboff\u00bb button_two_text_size__hover_enabled=\u00bboff\u00bb button_text_color__hover_enabled=\u00bboff\u00bb button_one_text_color__hover_enabled=\u00bboff\u00bb button_two_text_color__hover_enabled=\u00bboff\u00bb button_border_width__hover_enabled=\u00bboff\u00bb button_one_border_width__hover_enabled=\u00bboff\u00bb button_two_border_width__hover_enabled=\u00bboff\u00bb button_border_color__hover_enabled=\u00bboff\u00bb button_one_border_color__hover_enabled=\u00bboff\u00bb button_two_border_color__hover_enabled=\u00bboff\u00bb button_border_radius__hover_enabled=\u00bboff\u00bb button_one_border_radius__hover_enabled=\u00bboff\u00bb button_two_border_radius__hover_enabled=\u00bboff\u00bb button_letter_spacing__hover_enabled=\u00bbon\u00bb button_letter_spacing__hover=\u00bb2px\u00bb button_one_letter_spacing__hover_enabled=\u00bboff\u00bb button_two_letter_spacing__hover_enabled=\u00bboff\u00bb button_bg_color__hover_enabled=\u00bboff\u00bb button_one_bg_color__hover_enabled=\u00bboff\u00bb button_two_bg_color__hover_enabled=\u00bboff\u00bb][\/et_pb_button][\/et_pb_column][et_pb_column type=\u00bb1_4&#8243; _builder_version=\u00bb4.16&#8243; global_colors_info=\u00bb{}\u00bb][et_pb_button button_url=\u00bbhttps:\/\/www.linkedin.com\/in\/miguel-virgos-98080629\/?originalSubdomain=es\u00bb url_new_window=\u00bbon\u00bb button_text=\u00bbLinkedIn\u00bb button_alignment=\u00bbcenter\u00bb _builder_version=\u00bb4.16&#8243; custom_button=\u00bbon\u00bb button_text_size=\u00bb12px\u00bb button_text_color=\u00bb#FFFFFF\u00bb button_bg_color=\u00bb#752727&#8243; button_border_color=\u00bbrgba(0,0,0,0)\u00bb button_border_radius=\u00bb5px\u00bb button_letter_spacing=\u00bb1px\u00bb button_font=\u00bbMontserrat|||on|||||\u00bb button_use_icon=\u00bboff\u00bb custom_margin=\u00bb0px|||0px|false|false\u00bb custom_padding=\u00bb10px|10px|10px|10px|true|true\u00bb box_shadow_style=\u00bbpreset1&#8243; box_shadow_color=\u00bbrgba(239,59,36,0.24)\u00bb button_letter_spacing_hover=\u00bb2px\u00bb locked=\u00bboff\u00bb global_colors_info=\u00bb{}\u00bb button_text_size__hover_enabled=\u00bboff\u00bb button_one_text_size__hover_enabled=\u00bboff\u00bb button_two_text_size__hover_enabled=\u00bboff\u00bb button_text_color__hover_enabled=\u00bboff\u00bb button_one_text_color__hover_enabled=\u00bboff\u00bb button_two_text_color__hover_enabled=\u00bboff\u00bb button_border_width__hover_enabled=\u00bboff\u00bb button_one_border_width__hover_enabled=\u00bboff\u00bb button_two_border_width__hover_enabled=\u00bboff\u00bb button_border_color__hover_enabled=\u00bboff\u00bb button_one_border_color__hover_enabled=\u00bboff\u00bb button_two_border_color__hover_enabled=\u00bboff\u00bb button_border_radius__hover_enabled=\u00bboff\u00bb button_one_border_radius__hover_enabled=\u00bboff\u00bb button_two_border_radius__hover_enabled=\u00bboff\u00bb button_letter_spacing__hover_enabled=\u00bbon\u00bb button_letter_spacing__hover=\u00bb2px\u00bb button_one_letter_spacing__hover_enabled=\u00bboff\u00bb button_two_letter_spacing__hover_enabled=\u00bboff\u00bb button_bg_color__hover_enabled=\u00bboff\u00bb button_one_bg_color__hover_enabled=\u00bboff\u00bb button_two_bg_color__hover_enabled=\u00bboff\u00bb][\/et_pb_button][et_pb_text _builder_version=\u00bb4.16&#8243; global_colors_info=\u00bb{}\u00bb][\/et_pb_text][\/et_pb_column][et_pb_column type=\u00bb1_4&#8243; _builder_version=\u00bb4.16&#8243; global_colors_info=\u00bb{}\u00bb][et_pb_button button_url=\u00bbmailto:miguel.virgos@virgosarbitration.com\u00bb url_new_window=\u00bbon\u00bb button_text=\u00bbE-MAIL \u00bb button_alignment=\u00bbcenter\u00bb _builder_version=\u00bb4.20.2&#8243; custom_button=\u00bbon\u00bb button_text_size=\u00bb12px\u00bb button_text_color=\u00bb#FFFFFF\u00bb button_bg_color=\u00bb#752727&#8243; button_border_color=\u00bbrgba(0,0,0,0)\u00bb button_border_radius=\u00bb5px\u00bb button_letter_spacing=\u00bb1px\u00bb button_font=\u00bbMontserrat|||on|||||\u00bb button_use_icon=\u00bboff\u00bb custom_margin=\u00bb0px|||0px|false|false\u00bb custom_padding=\u00bb10px|10px|10px|10px|true|true\u00bb hover_enabled=\u00bb0&#8243; box_shadow_style=\u00bbpreset1&#8243; box_shadow_color=\u00bbrgba(239,59,36,0.24)\u00bb button_letter_spacing_hover=\u00bb2px\u00bb locked=\u00bboff\u00bb global_colors_info=\u00bb{}\u00bb button_text_size__hover_enabled=\u00bboff\u00bb button_one_text_size__hover_enabled=\u00bboff\u00bb button_two_text_size__hover_enabled=\u00bboff\u00bb button_text_color__hover_enabled=\u00bboff\u00bb button_one_text_color__hover_enabled=\u00bboff\u00bb button_two_text_color__hover_enabled=\u00bboff\u00bb button_border_width__hover_enabled=\u00bboff\u00bb button_one_border_width__hover_enabled=\u00bboff\u00bb button_two_border_width__hover_enabled=\u00bboff\u00bb button_border_color__hover_enabled=\u00bboff\u00bb button_one_border_color__hover_enabled=\u00bboff\u00bb button_two_border_color__hover_enabled=\u00bboff\u00bb button_border_radius__hover_enabled=\u00bboff\u00bb button_one_border_radius__hover_enabled=\u00bboff\u00bb button_two_border_radius__hover_enabled=\u00bboff\u00bb button_letter_spacing__hover_enabled=\u00bbon\u00bb button_letter_spacing__hover=\u00bb2px\u00bb button_one_letter_spacing__hover_enabled=\u00bboff\u00bb button_two_letter_spacing__hover_enabled=\u00bboff\u00bb button_bg_color__hover_enabled=\u00bboff\u00bb button_one_bg_color__hover_enabled=\u00bboff\u00bb button_two_bg_color__hover_enabled=\u00bboff\u00bb sticky_enabled=\u00bb0&#8243;][\/et_pb_button][et_pb_text _builder_version=\u00bb4.16&#8243; global_colors_info=\u00bb{}\u00bb][\/et_pb_text][\/et_pb_column][et_pb_column type=\u00bb1_4&#8243; _builder_version=\u00bb4.16&#8243; global_colors_info=\u00bb{}\u00bb][et_pb_button button_url=\u00bbhttps:\/\/virgosarbitration.com\/wp-content\/uploads\/2020\/02\/Miguel-Virgo\u0301s.vcf.zip\u00bb url_new_window=\u00bbon\u00bb button_text=\u00bbVcard\u00bb button_alignment=\u00bbcenter\u00bb _builder_version=\u00bb4.16&#8243; custom_button=\u00bbon\u00bb button_text_size=\u00bb12px\u00bb button_text_color=\u00bb#FFFFFF\u00bb button_bg_color=\u00bb#752727&#8243; button_border_color=\u00bbrgba(0,0,0,0)\u00bb button_border_radius=\u00bb5px\u00bb button_letter_spacing=\u00bb1px\u00bb button_font=\u00bbMontserrat|||on|||||\u00bb button_use_icon=\u00bboff\u00bb custom_margin=\u00bb0px|||0px|false|false\u00bb custom_padding=\u00bb10px|10px|10px|10px|true|true\u00bb box_shadow_style=\u00bbpreset1&#8243; box_shadow_color=\u00bbrgba(239,59,36,0.24)\u00bb button_letter_spacing_hover=\u00bb2px\u00bb locked=\u00bboff\u00bb global_colors_info=\u00bb{}\u00bb button_text_size__hover_enabled=\u00bboff\u00bb button_one_text_size__hover_enabled=\u00bboff\u00bb button_two_text_size__hover_enabled=\u00bboff\u00bb button_text_color__hover_enabled=\u00bboff\u00bb button_one_text_color__hover_enabled=\u00bboff\u00bb button_two_text_color__hover_enabled=\u00bboff\u00bb button_border_width__hover_enabled=\u00bboff\u00bb button_one_border_width__hover_enabled=\u00bboff\u00bb button_two_border_width__hover_enabled=\u00bboff\u00bb button_border_color__hover_enabled=\u00bboff\u00bb button_one_border_color__hover_enabled=\u00bboff\u00bb button_two_border_color__hover_enabled=\u00bboff\u00bb button_border_radius__hover_enabled=\u00bboff\u00bb button_one_border_radius__hover_enabled=\u00bboff\u00bb button_two_border_radius__hover_enabled=\u00bboff\u00bb button_letter_spacing__hover_enabled=\u00bbon\u00bb button_letter_spacing__hover=\u00bb2px\u00bb button_one_letter_spacing__hover_enabled=\u00bboff\u00bb button_two_letter_spacing__hover_enabled=\u00bboff\u00bb button_bg_color__hover_enabled=\u00bboff\u00bb button_one_bg_color__hover_enabled=\u00bboff\u00bb button_two_bg_color__hover_enabled=\u00bboff\u00bb][\/et_pb_button][et_pb_text _builder_version=\u00bb4.16&#8243; global_colors_info=\u00bb{}\u00bb][\/et_pb_text][et_pb_text _builder_version=\u00bb4.16&#8243; global_colors_info=\u00bb{}\u00bb][\/et_pb_text][et_pb_text _builder_version=\u00bb4.16&#8243; global_colors_info=\u00bb{}\u00bb][\/et_pb_text][et_pb_text _builder_version=\u00bb4.16&#8243; global_colors_info=\u00bb{}\u00bb][\/et_pb_text][\/et_pb_column][\/et_pb_row][et_pb_row _builder_version=\u00bb4.16&#8243; background_color=\u00bb#d6d6d6&#8243; width=\u00bb100%\u00bb min_height=\u00bb120px\u00bb custom_margin=\u00bb10px|auto|-8px||false|false\u00bb custom_padding=\u00bb0px|0px|0px|0px|false|false\u00bb saved_tabs=\u00bball\u00bb global_colors_info=\u00bb{}\u00bb][et_pb_column type=\u00bb4_4&#8243; _builder_version=\u00bb4.16&#8243; custom_padding=\u00bb|||\u00bb global_colors_info=\u00bb{}\u00bb custom_padding__hover=\u00bb|||\u00bb][et_pb_text _builder_version=\u00bb4.16&#8243; text_font=\u00bbMontserrat||||||||\u00bb text_text_color=\u00bb#515151&#8243; text_font_size=\u00bb12px\u00bb text_line_height=\u00bb1em\u00bb custom_margin=\u00bb20px||20px||false|false\u00bb global_colors_info=\u00bb{}\u00bb]<\/p>\n<p style=\"text-align: center;\">miguel.virgos@virgosarbitration.com<\/p>\n<p style=\"text-align: center;\">T. +34 91 458 5220 | M. +34 690 601 702<\/p>\n<p style=\"text-align: center;\">Serrano 240 &#8211; Madrid 28016 &#8211; Espa\u00f1a<\/p>\n<p style=\"text-align: center;\">www.virgosarbitration.com<\/p>\n<p>[\/et_pb_text][\/et_pb_column][\/et_pb_row][\/et_pb_section]<\/p>\n","protected":false},"excerpt":{"rendered":"<p>Miguel es un destacado abogado\u00a0y\u00a0\u00e1rbitro internacional con m\u00e1s de 25 a\u00f1os de experiencia en la resoluci\u00f3n de disputas comerciales nacionales e internacionales, tanto de Derecho continental como anglosaj\u00f3n, as\u00ed como de controversias entre inversores y Estados. Ha participado como \u00e1rbitro o abogado en arbitrajes bajo los auspicios de las m\u00e1s importantes instituciones arbitrales del mundo, [&hellip;]<\/p>\n","protected":false},"author":1,"featured_media":0,"parent":0,"menu_order":0,"comment_status":"closed","ping_status":"closed","template":"","meta":{"_et_pb_use_builder":"on","_et_pb_old_content":"","_et_gb_content_width":""},"yoast_head":"<!-- This site is optimized with the Yoast SEO plugin v20.3 - https:\/\/yoast.com\/wordpress\/plugins\/seo\/ -->\n<title>Virg\u00f3s Arbitration | Miguel Virg\u00f3s - \u00c1rbitro Internacional<\/title>\n<meta name=\"description\" content=\"Miguel Virg\u00f3s es abogado, \u00e1rbitro internacional y catedr\u00e1tico de derecho.\" \/>\n<meta name=\"robots\" content=\"index, follow, max-snippet:-1, max-image-preview:large, max-video-preview:-1\" \/>\n<link rel=\"canonical\" href=\"https:\/\/virgosarbitration.com\/es\" \/>\n<meta property=\"og:locale\" content=\"es_ES\" \/>\n<meta property=\"og:type\" content=\"article\" \/>\n<meta property=\"og:title\" content=\"Virg\u00f3s Arbitration | Miguel Virg\u00f3s - \u00c1rbitro Internacional\" \/>\n<meta property=\"og:description\" content=\"Miguel Virg\u00f3s es abogado, \u00e1rbitro internacional y catedr\u00e1tico de derecho.\" \/>\n<meta property=\"og:url\" content=\"https:\/\/virgosarbitration.com\/es\" \/>\n<meta property=\"og:site_name\" content=\"Miguel Virg\u00f3s Arbitration\" \/>\n<meta property=\"article:modified_time\" content=\"2025-01-17T03:23:04+00:00\" \/>\n<meta name=\"twitter:card\" content=\"summary_large_image\" \/>\n<meta name=\"twitter:label1\" content=\"Tiempo de lectura\" \/>\n\t<meta name=\"twitter:data1\" content=\"8 minutos\" \/>\n<script type=\"application\/ld+json\" class=\"yoast-schema-graph\">{\"@context\":\"https:\/\/schema.org\",\"@graph\":[{\"@type\":\"WebPage\",\"@id\":\"https:\/\/virgosarbitration.com\/es\",\"url\":\"https:\/\/virgosarbitration.com\/es\",\"name\":\"Virg\u00f3s Arbitration | Miguel Virg\u00f3s - \u00c1rbitro Internacional\",\"isPartOf\":{\"@id\":\"https:\/\/virgosarbitration.com\/es#website\"},\"datePublished\":\"2020-02-23T16:28:55+00:00\",\"dateModified\":\"2025-01-17T03:23:04+00:00\",\"description\":\"Miguel Virg\u00f3s es abogado, \u00e1rbitro internacional y catedr\u00e1tico de derecho.\",\"breadcrumb\":{\"@id\":\"https:\/\/virgosarbitration.com\/es#breadcrumb\"},\"inLanguage\":\"es\",\"potentialAction\":[{\"@type\":\"ReadAction\",\"target\":[\"https:\/\/virgosarbitration.com\/es\"]}]},{\"@type\":\"BreadcrumbList\",\"@id\":\"https:\/\/virgosarbitration.com\/es#breadcrumb\",\"itemListElement\":[{\"@type\":\"ListItem\",\"position\":1,\"name\":\"Portada\",\"item\":\"https:\/\/virgosarbitration.com\/es\"},{\"@type\":\"ListItem\",\"position\":2,\"name\":\"Inicio\"}]},{\"@type\":\"WebSite\",\"@id\":\"https:\/\/virgosarbitration.com\/es#website\",\"url\":\"https:\/\/virgosarbitration.com\/es\",\"name\":\"Miguel Virg\u00f3s Arbitration\",\"description\":\"Miguel Virg\u00f3s - \u00e1rbitro internacional y catedr\u00e1tico de derecho\",\"potentialAction\":[{\"@type\":\"SearchAction\",\"target\":{\"@type\":\"EntryPoint\",\"urlTemplate\":\"https:\/\/virgosarbitration.com\/es?s={search_term_string}\"},\"query-input\":\"required name=search_term_string\"}],\"inLanguage\":\"es\"}]}<\/script>\n<!-- \/ Yoast SEO plugin. -->","yoast_head_json":{"title":"Virg\u00f3s Arbitration | Miguel Virg\u00f3s - \u00c1rbitro Internacional","description":"Miguel Virg\u00f3s es abogado, \u00e1rbitro internacional y catedr\u00e1tico de derecho.","robots":{"index":"index","follow":"follow","max-snippet":"max-snippet:-1","max-image-preview":"max-image-preview:large","max-video-preview":"max-video-preview:-1"},"canonical":"https:\/\/virgosarbitration.com\/es","og_locale":"es_ES","og_type":"article","og_title":"Virg\u00f3s Arbitration | Miguel Virg\u00f3s - \u00c1rbitro Internacional","og_description":"Miguel Virg\u00f3s es abogado, \u00e1rbitro internacional y catedr\u00e1tico de derecho.","og_url":"https:\/\/virgosarbitration.com\/es","og_site_name":"Miguel Virg\u00f3s Arbitration","article_modified_time":"2025-01-17T03:23:04+00:00","twitter_card":"summary_large_image","twitter_misc":{"Tiempo de lectura":"8 minutos"},"schema":{"@context":"https:\/\/schema.org","@graph":[{"@type":"WebPage","@id":"https:\/\/virgosarbitration.com\/es","url":"https:\/\/virgosarbitration.com\/es","name":"Virg\u00f3s Arbitration | Miguel Virg\u00f3s - \u00c1rbitro Internacional","isPartOf":{"@id":"https:\/\/virgosarbitration.com\/es#website"},"datePublished":"2020-02-23T16:28:55+00:00","dateModified":"2025-01-17T03:23:04+00:00","description":"Miguel Virg\u00f3s es abogado, \u00e1rbitro internacional y catedr\u00e1tico de derecho.","breadcrumb":{"@id":"https:\/\/virgosarbitration.com\/es#breadcrumb"},"inLanguage":"es","potentialAction":[{"@type":"ReadAction","target":["https:\/\/virgosarbitration.com\/es"]}]},{"@type":"BreadcrumbList","@id":"https:\/\/virgosarbitration.com\/es#breadcrumb","itemListElement":[{"@type":"ListItem","position":1,"name":"Portada","item":"https:\/\/virgosarbitration.com\/es"},{"@type":"ListItem","position":2,"name":"Inicio"}]},{"@type":"WebSite","@id":"https:\/\/virgosarbitration.com\/es#website","url":"https:\/\/virgosarbitration.com\/es","name":"Miguel Virg\u00f3s Arbitration","description":"Miguel Virg\u00f3s - \u00e1rbitro internacional y catedr\u00e1tico de derecho","potentialAction":[{"@type":"SearchAction","target":{"@type":"EntryPoint","urlTemplate":"https:\/\/virgosarbitration.com\/es?s={search_term_string}"},"query-input":"required name=search_term_string"}],"inLanguage":"es"}]}},"_links":{"self":[{"href":"https:\/\/virgosarbitration.com\/es\/wp-json\/wp\/v2\/pages\/522"}],"collection":[{"href":"https:\/\/virgosarbitration.com\/es\/wp-json\/wp\/v2\/pages"}],"about":[{"href":"https:\/\/virgosarbitration.com\/es\/wp-json\/wp\/v2\/types\/page"}],"author":[{"embeddable":true,"href":"https:\/\/virgosarbitration.com\/es\/wp-json\/wp\/v2\/users\/1"}],"replies":[{"embeddable":true,"href":"https:\/\/virgosarbitration.com\/es\/wp-json\/wp\/v2\/comments?post=522"}],"version-history":[{"count":38,"href":"https:\/\/virgosarbitration.com\/es\/wp-json\/wp\/v2\/pages\/522\/revisions"}],"predecessor-version":[{"id":1277,"href":"https:\/\/virgosarbitration.com\/es\/wp-json\/wp\/v2\/pages\/522\/revisions\/1277"}],"wp:attachment":[{"href":"https:\/\/virgosarbitration.com\/es\/wp-json\/wp\/v2\/media?parent=522"}],"curies":[{"name":"wp","href":"https:\/\/api.w.org\/{rel}","templated":true}]}}