{"id":1042,"date":"2024-11-27T23:58:31","date_gmt":"2024-11-27T23:58:31","guid":{"rendered":"https:\/\/virgosarbitration.com\/?page_id=1042"},"modified":"2025-01-15T00:56:05","modified_gmt":"2025-01-15T00:56:05","slug":"ponencias","status":"publish","type":"page","link":"https:\/\/virgosarbitration.com\/es\/ponencias","title":{"rendered":"Ponencias"},"content":{"rendered":"<p>[et_pb_section fb_built=\u00bb1&#8243; admin_label=\u00bbBlog\u00bb _builder_version=\u00bb4.16&#8243; background_enable_color=\u00bboff\u00bb min_height=\u00bb314px\u00bb custom_margin=\u00bb||12px||false|false\u00bb custom_padding=\u00bb4px||0px||false|false\u00bb global_colors_info=\u00bb{}\u00bb][et_pb_row _builder_version=\u00bb4.20.2&#8243; width=\u00bb100%\u00bb min_height=\u00bb162px\u00bb custom_margin=\u00bb0px||||false|false\u00bb custom_padding=\u00bb57px|5px||10px|false|false\u00bb global_colors_info=\u00bb{}\u00bb][et_pb_column type=\u00bb4_4&#8243; _builder_version=\u00bb4.16&#8243; global_colors_info=\u00bb{}\u00bb][et_pb_text _builder_version=\u00bb4.20.2&#8243; header_font=\u00bb||||||||\u00bb header_2_font=\u00bbMontserrat||||||||\u00bb header_2_text_color=\u00bb#752727&#8243; header_2_font_size=\u00bb30px\u00bb header_2_line_height=\u00bb1.5em\u00bb custom_margin=\u00bb0px|0px|15px|0px|false|false\u00bb custom_padding=\u00bb|0px||22px|false|false\u00bb header_2_font_size_tablet=\u00bb32px\u00bb header_2_font_size_phone=\u00bb22px\u00bb header_2_font_size_last_edited=\u00bbon|phone\u00bb border_color_all=\u00bb#752727&#8243; border_width_left=\u00bb6px\u00bb locked=\u00bboff\u00bb global_colors_info=\u00bb{}\u00bb]<\/p>\n<h2>Ponencias<\/h2>\n<p>[\/et_pb_text][et_pb_text _builder_version=\u00bb4.20.2&#8243; text_font=\u00bbMontserrat||||||||\u00bb text_font_size=\u00bb16px\u00bb text_line_height=\u00bb1.5em\u00bb hover_enabled=\u00bb0&#8243; global_colors_info=\u00bb{}\u00bb sticky_enabled=\u00bb0&#8243;]<\/p>\n<p><strong><b>SELECCI\u00d3N<\/b>:<\/strong><\/p>\n<p><strong><\/strong><\/p>\n<ul style=\"font-weight: 400;\">\n<li><strong>Third-party participation in arbitration proceedings:<\/strong> problems and future perspectives from Germany and Spain, Berlin Dispute Resolution Days 2024, Berlin, 11 Septiembre 2024.<\/li>\n<li><strong>La posici\u00f3n del \u00e1rbitro ante la insolvencia de una de las partes<\/strong>, FIDE, Madrid 29 Mayo 2024.<\/li>\n<li><strong>Los arbitrajes comerciales ante el contexto de cambios s\u00fabitos en el entorno<\/strong>. Open de Arbitraje, Madrid, 9 Mayo 2024.<\/li>\n<li><strong>The interaction between arbitration and insolvency law<\/strong>, UIA Annual Congress, Rome, 23 Octubre 2023.<\/li>\n<li><strong>Novedades jurisprudenciales en Francia y Espa\u00f1a<\/strong>. XIV Jornadas franco-espa\u00f1olas, Miradas Cruzadas, Madrid, 16 Febrero 2023.<\/li>\n<li><strong>Brexit y arbitraje internacional:<\/strong> \u00bfun nuevo escenario?, C\u00e1tedra Cuatrecasas-UC3m de Derecho Corporativo y del Derecho Financiero, Fiscal y Arbitraje Internacional, Madrid, 6 Octubre 2022.<\/li>\n<li><strong>La Sentencia del TS norteamericano en el asunto Cassirer<\/strong>. Fundaci\u00f3n Fide, Madrid 22 Junio 2022.<\/li>\n<li><strong>The curious architecture of the EU international jurisdiction system<\/strong>. The European Circuit, 2021 annual conference: Current issues in international litigation &amp; arbitration, Madrid 23-24 Septiembre 2021.<\/li>\n<li><strong>Consecuencias del Brexit en el Derecho Internacional Privado Europeo<\/strong>. Asociaci\u00f3n Espa\u00f1ola de Derecho Mar\u00edtimo, Madrid, 16 Junio 2021.<\/li>\n<li><strong>Eficiencia y calidad en el arbitraje comercial internacional<\/strong>. Roundtable debate, Quinta Conferencia Internacional para una Comunidad Euro-Mediterr\u00e1nea de Arbitraje Internacional, UNCITRAL, OCDE, Corte de Arbitraje de Madrid and Ministerio de Justicia, Madrid, 19 Noviembre 2018.<\/li>\n<li><strong>El papel de los tribunales en el arbitraje comercial internacional<\/strong>. III Seminario sobre Derecho Mercantil Internacional, C\u00e1mara de Comercio de la Rep\u00fablica de Cuba and Corte Cubana de Arbitraje Comercial Internacional, La Habana, 5\u20136 Junio 2018.<\/li>\n<li><strong>Disclosure and Discovery<\/strong>. Cravath, Swaine &amp; Moore LLP, Summit on Global Dispute Resolution, New York, 25 Abril 2018.<\/li>\n<\/ul>\n<p>[\/et_pb_text][\/et_pb_column][\/et_pb_row][et_pb_row _builder_version=\u00bb4.16&#8243; background_color=\u00bb#d6d6d6&#8243; width=\u00bb100%\u00bb min_height=\u00bb120px\u00bb custom_margin=\u00bb10px|auto|-8px||false|false\u00bb custom_padding=\u00bb0px|0px|0px|0px|false|false\u00bb saved_tabs=\u00bball\u00bb global_colors_info=\u00bb{}\u00bb][et_pb_column type=\u00bb4_4&#8243; _builder_version=\u00bb4.16&#8243; custom_padding=\u00bb|||\u00bb global_colors_info=\u00bb{}\u00bb custom_padding__hover=\u00bb|||\u00bb][et_pb_text _builder_version=\u00bb4.16&#8243; text_font=\u00bbMontserrat||||||||\u00bb text_text_color=\u00bb#515151&#8243; text_font_size=\u00bb12px\u00bb text_line_height=\u00bb1em\u00bb custom_margin=\u00bb20px||20px||false|false\u00bb global_colors_info=\u00bb{}\u00bb]<\/p>\n<p style=\"text-align: center;\">miguel.virgos@virgosarbitration.com<\/p>\n<p style=\"text-align: center;\">T. +34 91 458 5220 | M. +34 690 601 702<\/p>\n<p style=\"text-align: center;\">Serrano 240 &#8211; Madrid 28016 &#8211; Espa\u00f1a<\/p>\n<p style=\"text-align: center;\">www.virgosarbitration.com<\/p>\n<p>[\/et_pb_text][\/et_pb_column][\/et_pb_row][\/et_pb_section]<\/p>\n","protected":false},"excerpt":{"rendered":"<p>PonenciasSELECCI\u00d3N: Third-party participation in arbitration proceedings: problems and future perspectives from Germany and Spain, Berlin Dispute Resolution Days 2024, Berlin, 11 Septiembre 2024. La posici\u00f3n del \u00e1rbitro ante la insolvencia de una de las partes, FIDE, Madrid 29 Mayo 2024. Los arbitrajes comerciales ante el contexto de cambios s\u00fabitos en el entorno. Open de Arbitraje, [&hellip;]<\/p>\n","protected":false},"author":1,"featured_media":0,"parent":0,"menu_order":0,"comment_status":"closed","ping_status":"closed","template":"","meta":{"_et_pb_use_builder":"on","_et_pb_old_content":"","_et_gb_content_width":""},"yoast_head":"<!-- This site is optimized with the Yoast SEO plugin v20.3 - https:\/\/yoast.com\/wordpress\/plugins\/seo\/ -->\n<title>Virg\u00f3s Arbitration | Miguel Virg\u00f3s | Publicaciones | Ponencias<\/title>\n<meta name=\"description\" content=\"Miguel Virg\u00f3s: Publicaciones, Libros y art\u00edculos, Opiniones, Prensa, Presentaciones, Ponencias, Conferencias, Seminarios, Forums, Trainings\" \/>\n<meta name=\"robots\" content=\"index, follow, max-snippet:-1, max-image-preview:large, max-video-preview:-1\" \/>\n<link rel=\"canonical\" href=\"https:\/\/virgosarbitration.com\/es\/ponencias\" \/>\n<meta property=\"og:locale\" content=\"es_ES\" \/>\n<meta property=\"og:type\" content=\"article\" \/>\n<meta property=\"og:title\" content=\"Virg\u00f3s Arbitration | Miguel Virg\u00f3s | Publicaciones | Ponencias\" \/>\n<meta property=\"og:description\" content=\"Miguel Virg\u00f3s: Publicaciones, Libros y art\u00edculos, Opiniones, Prensa, Presentaciones, Ponencias, Conferencias, Seminarios, Forums, Trainings\" \/>\n<meta property=\"og:url\" content=\"https:\/\/virgosarbitration.com\/es\/ponencias\" \/>\n<meta property=\"og:site_name\" content=\"Miguel Virg\u00f3s Arbitration\" \/>\n<meta property=\"article:modified_time\" content=\"2025-01-15T00:56:05+00:00\" \/>\n<meta name=\"twitter:card\" content=\"summary_large_image\" \/>\n<meta name=\"twitter:label1\" content=\"Tiempo de lectura\" \/>\n\t<meta name=\"twitter:data1\" content=\"5 minutos\" \/>\n<script type=\"application\/ld+json\" class=\"yoast-schema-graph\">{\"@context\":\"https:\/\/schema.org\",\"@graph\":[{\"@type\":\"WebPage\",\"@id\":\"https:\/\/virgosarbitration.com\/es\/ponencias\",\"url\":\"https:\/\/virgosarbitration.com\/es\/ponencias\",\"name\":\"Virg\u00f3s Arbitration | Miguel Virg\u00f3s | Publicaciones | Ponencias\",\"isPartOf\":{\"@id\":\"https:\/\/virgosarbitration.com\/es#website\"},\"datePublished\":\"2024-11-27T23:58:31+00:00\",\"dateModified\":\"2025-01-15T00:56:05+00:00\",\"description\":\"Miguel Virg\u00f3s: Publicaciones, Libros y art\u00edculos, Opiniones, Prensa, Presentaciones, Ponencias, Conferencias, Seminarios, Forums, Trainings\",\"breadcrumb\":{\"@id\":\"https:\/\/virgosarbitration.com\/es\/ponencias#breadcrumb\"},\"inLanguage\":\"es\",\"potentialAction\":[{\"@type\":\"ReadAction\",\"target\":[\"https:\/\/virgosarbitration.com\/es\/ponencias\"]}]},{\"@type\":\"BreadcrumbList\",\"@id\":\"https:\/\/virgosarbitration.com\/es\/ponencias#breadcrumb\",\"itemListElement\":[{\"@type\":\"ListItem\",\"position\":1,\"name\":\"Portada\",\"item\":\"https:\/\/virgosarbitration.com\/es\"},{\"@type\":\"ListItem\",\"position\":2,\"name\":\"Ponencias\"}]},{\"@type\":\"WebSite\",\"@id\":\"https:\/\/virgosarbitration.com\/es#website\",\"url\":\"https:\/\/virgosarbitration.com\/es\",\"name\":\"Miguel Virg\u00f3s Arbitration\",\"description\":\"Miguel Virg\u00f3s - \u00e1rbitro internacional y catedr\u00e1tico de derecho\",\"potentialAction\":[{\"@type\":\"SearchAction\",\"target\":{\"@type\":\"EntryPoint\",\"urlTemplate\":\"https:\/\/virgosarbitration.com\/es?s={search_term_string}\"},\"query-input\":\"required name=search_term_string\"}],\"inLanguage\":\"es\"}]}<\/script>\n<!-- \/ Yoast SEO plugin. -->","yoast_head_json":{"title":"Virg\u00f3s Arbitration | Miguel Virg\u00f3s | Publicaciones | Ponencias","description":"Miguel Virg\u00f3s: Publicaciones, Libros y art\u00edculos, Opiniones, Prensa, Presentaciones, Ponencias, Conferencias, Seminarios, Forums, Trainings","robots":{"index":"index","follow":"follow","max-snippet":"max-snippet:-1","max-image-preview":"max-image-preview:large","max-video-preview":"max-video-preview:-1"},"canonical":"https:\/\/virgosarbitration.com\/es\/ponencias","og_locale":"es_ES","og_type":"article","og_title":"Virg\u00f3s Arbitration | Miguel Virg\u00f3s | Publicaciones | Ponencias","og_description":"Miguel Virg\u00f3s: Publicaciones, Libros y art\u00edculos, Opiniones, Prensa, Presentaciones, Ponencias, Conferencias, Seminarios, Forums, Trainings","og_url":"https:\/\/virgosarbitration.com\/es\/ponencias","og_site_name":"Miguel Virg\u00f3s Arbitration","article_modified_time":"2025-01-15T00:56:05+00:00","twitter_card":"summary_large_image","twitter_misc":{"Tiempo de lectura":"5 minutos"},"schema":{"@context":"https:\/\/schema.org","@graph":[{"@type":"WebPage","@id":"https:\/\/virgosarbitration.com\/es\/ponencias","url":"https:\/\/virgosarbitration.com\/es\/ponencias","name":"Virg\u00f3s Arbitration | Miguel Virg\u00f3s | Publicaciones | Ponencias","isPartOf":{"@id":"https:\/\/virgosarbitration.com\/es#website"},"datePublished":"2024-11-27T23:58:31+00:00","dateModified":"2025-01-15T00:56:05+00:00","description":"Miguel Virg\u00f3s: Publicaciones, Libros y art\u00edculos, Opiniones, Prensa, Presentaciones, Ponencias, Conferencias, Seminarios, Forums, Trainings","breadcrumb":{"@id":"https:\/\/virgosarbitration.com\/es\/ponencias#breadcrumb"},"inLanguage":"es","potentialAction":[{"@type":"ReadAction","target":["https:\/\/virgosarbitration.com\/es\/ponencias"]}]},{"@type":"BreadcrumbList","@id":"https:\/\/virgosarbitration.com\/es\/ponencias#breadcrumb","itemListElement":[{"@type":"ListItem","position":1,"name":"Portada","item":"https:\/\/virgosarbitration.com\/es"},{"@type":"ListItem","position":2,"name":"Ponencias"}]},{"@type":"WebSite","@id":"https:\/\/virgosarbitration.com\/es#website","url":"https:\/\/virgosarbitration.com\/es","name":"Miguel Virg\u00f3s Arbitration","description":"Miguel Virg\u00f3s - \u00e1rbitro internacional y catedr\u00e1tico de derecho","potentialAction":[{"@type":"SearchAction","target":{"@type":"EntryPoint","urlTemplate":"https:\/\/virgosarbitration.com\/es?s={search_term_string}"},"query-input":"required name=search_term_string"}],"inLanguage":"es"}]}},"_links":{"self":[{"href":"https:\/\/virgosarbitration.com\/es\/wp-json\/wp\/v2\/pages\/1042"}],"collection":[{"href":"https:\/\/virgosarbitration.com\/es\/wp-json\/wp\/v2\/pages"}],"about":[{"href":"https:\/\/virgosarbitration.com\/es\/wp-json\/wp\/v2\/types\/page"}],"author":[{"embeddable":true,"href":"https:\/\/virgosarbitration.com\/es\/wp-json\/wp\/v2\/users\/1"}],"replies":[{"embeddable":true,"href":"https:\/\/virgosarbitration.com\/es\/wp-json\/wp\/v2\/comments?post=1042"}],"version-history":[{"count":5,"href":"https:\/\/virgosarbitration.com\/es\/wp-json\/wp\/v2\/pages\/1042\/revisions"}],"predecessor-version":[{"id":1274,"href":"https:\/\/virgosarbitration.com\/es\/wp-json\/wp\/v2\/pages\/1042\/revisions\/1274"}],"wp:attachment":[{"href":"https:\/\/virgosarbitration.com\/es\/wp-json\/wp\/v2\/media?parent=1042"}],"curies":[{"name":"wp","href":"https:\/\/api.w.org\/{rel}","templated":true}]}}